{"id":2237,"date":"2024-02-09T16:19:34","date_gmt":"2024-02-09T15:19:34","guid":{"rendered":"https:\/\/camping-lesoleil.fr\/restaurant\/"},"modified":"2024-09-19T10:28:25","modified_gmt":"2024-09-19T08:28:25","slug":"restaurant","status":"publish","type":"page","link":"https:\/\/camping-lesoleil.fr\/de\/restaurant\/","title":{"rendered":"Restaurant"},"content":{"rendered":"\t\t<div data-elementor-type=\"wp-post\" data-elementor-id=\"2237\" class=\"elementor elementor-2237 elementor-897\" data-elementor-post-type=\"page\">\n\t\t\t\t<div class=\"elementor-element elementor-element-5c4bfa6 e-flex e-con-boxed e-con e-parent\" data-id=\"5c4bfa6\" data-element_type=\"container\" data-e-type=\"container\" data-settings=\"{&quot;background_background&quot;:&quot;classic&quot;,&quot;jet_parallax_layout_list&quot;:[]}\">\n\t\t\t\t\t<div class=\"e-con-inner\">\n\t\t\t\t<div class=\"elementor-element elementor-element-0b1e1d5 elementor-view-default elementor-widget elementor-widget-icon\" data-id=\"0b1e1d5\" data-element_type=\"widget\" data-e-type=\"widget\" data-widget_type=\"icon.default\">\n\t\t\t\t<div class=\"elementor-widget-container\">\n\t\t\t\t\t\t\t<div class=\"elementor-icon-wrapper\">\n\t\t\t<div class=\"elementor-icon\">\n\t\t\t<svg aria-hidden=\"true\" class=\"e-font-icon-svg e-fas-pizza-slice\" viewBox=\"0 0 512 512\" xmlns=\"http:\/\/www.w3.org\/2000\/svg\"><path d=\"M158.87.15c-16.16-1.52-31.2 8.42-35.33 24.12l-14.81 56.27c187.62 5.49 314.54 130.61 322.48 317l56.94-15.78c15.72-4.36 25.49-19.68 23.62-35.9C490.89 165.08 340.78 17.32 158.87.15zm-58.47 112L.55 491.64a16.21 16.21 0 0 0 20 19.75l379-105.1c-4.27-174.89-123.08-292.14-299.15-294.1zM128 416a32 32 0 1 1 32-32 32 32 0 0 1-32 32zm48-152a32 32 0 1 1 32-32 32 32 0 0 1-32 32zm104 104a32 32 0 1 1 32-32 32 32 0 0 1-32 32z\"><\/path><\/svg>\t\t\t<\/div>\n\t\t<\/div>\n\t\t\t\t\t\t<\/div>\n\t\t\t\t<\/div>\n\t\t\t\t<div class=\"elementor-element elementor-element-309552c elementor-widget elementor-widget-heading\" data-id=\"309552c\" data-element_type=\"widget\" data-e-type=\"widget\" data-widget_type=\"heading.default\">\n\t\t\t\t<div class=\"elementor-widget-container\">\n\t\t\t\t\t<h1 class=\"elementor-heading-title elementor-size-default\">Bar pizzeria<\/h1>\t\t\t\t<\/div>\n\t\t\t\t<\/div>\n\t\t\t\t<div class=\"elementor-element elementor-element-3667141 elementor-widget elementor-widget-heading\" data-id=\"3667141\" data-element_type=\"widget\" data-e-type=\"widget\" data-widget_type=\"heading.default\">\n\t\t\t\t<div class=\"elementor-widget-container\">\n\t\t\t\t\t<h2 class=\"elementor-heading-title elementor-size-default\">Die besten Pizzen Korsikas laut 3 Reisef\u00fchrern  <\/h2>\t\t\t\t<\/div>\n\t\t\t\t<\/div>\n\t\t\t\t\t<\/div>\n\t\t\t\t<\/div>\n\t\t<div class=\"elementor-element elementor-element-38231d1 e-flex e-con-boxed e-con e-parent\" data-id=\"38231d1\" data-element_type=\"container\" data-e-type=\"container\" data-settings=\"{&quot;jet_parallax_layout_list&quot;:[]}\">\n\t\t\t\t\t<div class=\"e-con-inner\">\n\t\t<div class=\"elementor-element elementor-element-38e3d9c7 e-con-full e-flex e-con e-child\" data-id=\"38e3d9c7\" data-element_type=\"container\" data-e-type=\"container\" data-settings=\"{&quot;jet_parallax_layout_list&quot;:[]}\">\n\t\t\t\t<div class=\"elementor-element elementor-element-4c511704 elementor-align-left elementor-widget elementor-widget-raven-heading\" data-id=\"4c511704\" data-element_type=\"widget\" data-e-type=\"widget\" data-widget_type=\"raven-heading.default\">\n\t\t\t\t<div class=\"elementor-widget-container\">\n\t\t\t\t\t\t\t<div class=\"raven-widget-wrapper\"><h4 class=\"raven-heading raven-heading-h4\"><span class=\"raven-heading-title \">Die Bar ist die ganze Saison \u00fcber ge\u00f6ffnet. Die Pizza ist hausgemacht und wird nur am Abend auf dem Holzfeuer gebacken.<\/span><\/h4><\/div>\n\t\t\t\t\t\t<\/div>\n\t\t\t\t<\/div>\n\t\t\t\t<\/div>\n\t\t\t\t\t<\/div>\n\t\t\t\t<\/div>\n\t\t<div class=\"elementor-element elementor-element-44e1d65 e-con-full e-flex e-con e-parent\" data-id=\"44e1d65\" data-element_type=\"container\" data-e-type=\"container\" data-settings=\"{&quot;jet_parallax_layout_list&quot;:[],&quot;background_background&quot;:&quot;classic&quot;}\">\n\t\t\t\t<div class=\"elementor-element elementor-element-5684f74b raven-advaned-posts-equal-height-yes raven-hover-scale-up elementor-widget elementor-widget-raven-advanced-posts\" data-id=\"5684f74b\" data-element_type=\"widget\" data-e-type=\"widget\" data-settings=\"{&quot;query_posts_per_page&quot;:12,&quot;featured_image_hover&quot;:&quot;scale-up&quot;,&quot;load_effect&quot;:&quot;slide-up&quot;,&quot;general_layout&quot;:&quot;grid&quot;,&quot;columns&quot;:&quot;3&quot;,&quot;columns_tablet&quot;:&quot;2&quot;,&quot;columns_mobile&quot;:&quot;1&quot;,&quot;query_orderby&quot;:&quot;date&quot;,&quot;query_offset&quot;:0}\" data-widget_type=\"raven-advanced-posts.default\">\n\t\t\t\t<div class=\"elementor-widget-container\">\n\t\t\t\t\t\t\t<div class=\"raven-posts raven-posts-grid\">\n\t\t\t\t\t\t<div class=\"advanced-posts-content content-layout-overlay raven-grid raven-grid-3 raven-grid-mobile-1 raven-grid-tablet-2 scale-up \" data-post-id=\"2237\" data-archive-query=\"\">\n\t\t\t\t<div class=\"raven-posts-item raven-grid-item raven-posts-empty-item\"><div class=\"raven-post-wrapper\"><div class=\"raven-post\"><div class=\"raven-posts-empty\">No results found.<\/div><\/div><\/div><\/div>\t\t\t<\/div>\n\t\t\t\t\t<\/div>\n\t\t\t\t\t\t<\/div>\n\t\t\t\t<\/div>\n\t\t\t\t<\/div>\n\t\t<div class=\"elementor-element elementor-element-695c1cd3 e-con-full e-flex e-con e-parent\" data-id=\"695c1cd3\" data-element_type=\"container\" data-e-type=\"container\" data-settings=\"{&quot;jet_parallax_layout_list&quot;:[]}\">\n\t\t<div class=\"elementor-element elementor-element-781e8c0e e-con-full e-flex e-con e-child\" data-id=\"781e8c0e\" data-element_type=\"container\" data-e-type=\"container\" data-settings=\"{&quot;jet_parallax_layout_list&quot;:[]}\">\n\t\t\t\t<div class=\"elementor-element elementor-element-56b57cc7 elementor-widget elementor-widget-raven-image\" data-id=\"56b57cc7\" data-element_type=\"widget\" data-e-type=\"widget\" data-widget_type=\"raven-image.default\">\n\t\t\t\t<div class=\"elementor-widget-container\">\n\t\t\t\t\t\t\t<div class=\"raven-image\">\n\t\t\n\t\t\n\t\t<img fetchpriority=\"high\" decoding=\"async\" width=\"1175\" height=\"606\" src=\"https:\/\/camping-lesoleil.fr\/wp-content\/uploads\/2024\/02\/1.jpg\" class=\"attachment-full size-full wp-image-1611\" alt=\"\" srcset=\"https:\/\/camping-lesoleil.fr\/wp-content\/uploads\/2024\/02\/1.jpg 1175w, https:\/\/camping-lesoleil.fr\/wp-content\/uploads\/2024\/02\/1-600x309.jpg 600w, https:\/\/camping-lesoleil.fr\/wp-content\/uploads\/2024\/02\/1-300x155.jpg 300w, https:\/\/camping-lesoleil.fr\/wp-content\/uploads\/2024\/02\/1-1024x528.jpg 1024w, https:\/\/camping-lesoleil.fr\/wp-content\/uploads\/2024\/02\/1-768x396.jpg 768w\" sizes=\"(max-width: 1175px) 100vw, 1175px\" \/>\t\t<\/div>\n\t\t\t\t\t\t<\/div>\n\t\t\t\t<\/div>\n\t\t\t\t<\/div>\n\t\t<div class=\"elementor-element elementor-element-40250226 e-con-full e-flex e-con e-child\" data-id=\"40250226\" data-element_type=\"container\" data-e-type=\"container\" data-settings=\"{&quot;jet_parallax_layout_list&quot;:[]}\">\n\t\t\t\t<div class=\"elementor-element elementor-element-53c4883e elementor-widget elementor-widget-raven-image\" data-id=\"53c4883e\" data-element_type=\"widget\" data-e-type=\"widget\" data-widget_type=\"raven-image.default\">\n\t\t\t\t<div class=\"elementor-widget-container\">\n\t\t\t\t\t\t\t<div class=\"raven-image\">\n\t\t\n\t\t\n\t\t<img decoding=\"async\" width=\"1175\" height=\"606\" src=\"https:\/\/camping-lesoleil.fr\/wp-content\/uploads\/2024\/02\/pizza-u-feu-de-bois.jpg\" class=\"attachment-full size-full wp-image-1969\" alt=\"\" srcset=\"https:\/\/camping-lesoleil.fr\/wp-content\/uploads\/2024\/02\/pizza-u-feu-de-bois.jpg 1175w, https:\/\/camping-lesoleil.fr\/wp-content\/uploads\/2024\/02\/pizza-u-feu-de-bois-300x155.jpg 300w, https:\/\/camping-lesoleil.fr\/wp-content\/uploads\/2024\/02\/pizza-u-feu-de-bois-1024x528.jpg 1024w, https:\/\/camping-lesoleil.fr\/wp-content\/uploads\/2024\/02\/pizza-u-feu-de-bois-768x396.jpg 768w, https:\/\/camping-lesoleil.fr\/wp-content\/uploads\/2024\/02\/pizza-u-feu-de-bois-600x309.jpg 600w\" sizes=\"(max-width: 1175px) 100vw, 1175px\" \/>\t\t<\/div>\n\t\t\t\t\t\t<\/div>\n\t\t\t\t<\/div>\n\t\t\t\t<\/div>\n\t\t\t\t<\/div>\n\t\t<div class=\"elementor-element elementor-element-35c90c8 e-flex e-con-boxed e-con e-parent\" data-id=\"35c90c8\" data-element_type=\"container\" data-e-type=\"container\" data-settings=\"{&quot;jet_parallax_layout_list&quot;:[]}\">\n\t\t\t\t\t<div class=\"e-con-inner\">\n\t\t\t\t\t<\/div>\n\t\t\t\t<\/div>\n\t\t<div class=\"elementor-element elementor-element-d6fe8aa e-flex e-con-boxed e-con e-parent\" data-id=\"d6fe8aa\" data-element_type=\"container\" data-e-type=\"container\" data-settings=\"{&quot;jet_parallax_layout_list&quot;:[{&quot;jet_parallax_layout_image&quot;:{&quot;url&quot;:&quot;&quot;,&quot;id&quot;:&quot;&quot;,&quot;size&quot;:&quot;&quot;},&quot;_id&quot;:&quot;72b0add&quot;,&quot;jet_parallax_layout_speed&quot;:{&quot;unit&quot;:&quot;%&quot;,&quot;size&quot;:&quot;50&quot;,&quot;sizes&quot;:[]},&quot;jet_parallax_layout_bg_x&quot;:&quot;50&quot;,&quot;jet_parallax_layout_bg_y&quot;:&quot;50&quot;,&quot;jet_parallax_layout_image_tablet&quot;:{&quot;url&quot;:&quot;&quot;,&quot;id&quot;:&quot;&quot;,&quot;size&quot;:&quot;&quot;},&quot;jet_parallax_layout_image_mobile&quot;:{&quot;url&quot;:&quot;&quot;,&quot;id&quot;:&quot;&quot;,&quot;size&quot;:&quot;&quot;},&quot;jet_parallax_layout_type&quot;:&quot;scroll&quot;,&quot;jet_parallax_layout_direction&quot;:&quot;1&quot;,&quot;jet_parallax_layout_fx_direction&quot;:null,&quot;jet_parallax_layout_z_index&quot;:&quot;&quot;,&quot;jet_parallax_layout_bg_x_tablet&quot;:&quot;&quot;,&quot;jet_parallax_layout_bg_x_mobile&quot;:&quot;&quot;,&quot;jet_parallax_layout_bg_y_tablet&quot;:&quot;&quot;,&quot;jet_parallax_layout_bg_y_mobile&quot;:&quot;&quot;,&quot;jet_parallax_layout_bg_size&quot;:&quot;auto&quot;,&quot;jet_parallax_layout_bg_size_tablet&quot;:&quot;&quot;,&quot;jet_parallax_layout_bg_size_mobile&quot;:&quot;&quot;,&quot;jet_parallax_layout_animation_prop&quot;:&quot;transform&quot;,&quot;jet_parallax_layout_on&quot;:[&quot;desktop&quot;,&quot;tablet&quot;]}],&quot;background_background&quot;:&quot;classic&quot;}\">\n\t\t\t\t\t<div class=\"e-con-inner\">\n\t\t<div class=\"elementor-element elementor-element-c328b78 e-con-full e-flex e-con e-child\" data-id=\"c328b78\" data-element_type=\"container\" data-e-type=\"container\" data-settings=\"{&quot;jet_parallax_layout_list&quot;:[]}\">\n\t\t\t\t<div class=\"elementor-element elementor-element-bca79ec gallery-layout-grid content-visibility-visible content-layout-under-image video-preview-player sticky-filter-bar-false elementor-widget elementor-widget-raven-media-gallery\" data-id=\"bca79ec\" data-element_type=\"widget\" data-e-type=\"widget\" data-settings=\"{&quot;content_layout_visible&quot;:&quot;under-image&quot;,&quot;all_filter&quot;:&quot;show&quot;}\" data-widget_type=\"raven-media-gallery.default\">\n\t\t\t\t<div class=\"elementor-widget-container\">\n\t\t\t\t\t<div class=\"raven-media-gallery-wrapper\"><div class=\"raven-media-gallery-tab-contents\"><div data-raven-content-index=\"0\" class=\"content active\">\t\t<a class=\"gallery-item\" href=\"https:\/\/camping-lesoleil.fr\/wp-content\/uploads\/2024\/02\/moelleux-chataigne.jpg\" data-elementor-open-lightbox=\"yes\" data-elementor-lightbox-slideshow=\"all-bca79ec\">\n\t\t\t<div class=\"type-image\">\n\t\t\t\t<div class=\"poster\">\n\t\t\t\t\t\t\t\t\t\t<img decoding=\"async\" loading=\"lazy\" src=\"https:\/\/camping-lesoleil.fr\/wp-content\/uploads\/2024\/02\/moelleux-chataigne.jpg\" alt=\"\">\n\t\t\t\t<\/div>\n\t\t\t<\/div>\n\t\t\t\t\t<div class=\"overlay\">\n\t\t\t\t\t\t\t<p class=\"title\">\n\t\t\t\t\tMoelleux \u00e0 la chataigne\t\t\t\t<\/p>\n\t\t\t\t\t\t\t<p class=\"caption\">\n\t\t\t\t\t\t\t\t\t<\/p>\n\t\t\t\t\t\t\t<p class=\"description\">\n\t\t\t\t\t\t\t\t\t<\/p>\n\t\t\t\t\t<\/div>\n\t\t\t\t<\/a>\n\t\t\t\t<a class=\"gallery-item\" href=\"https:\/\/camping-lesoleil.fr\/wp-content\/uploads\/2024\/02\/Fondant-chocolat.jpg\" data-elementor-open-lightbox=\"yes\" data-elementor-lightbox-slideshow=\"all-bca79ec\">\n\t\t\t<div class=\"type-image\">\n\t\t\t\t<div class=\"poster\">\n\t\t\t\t\t\t\t\t\t\t<img decoding=\"async\" loading=\"lazy\" src=\"https:\/\/camping-lesoleil.fr\/wp-content\/uploads\/2024\/02\/Fondant-chocolat.jpg\" alt=\"\">\n\t\t\t\t<\/div>\n\t\t\t<\/div>\n\t\t\t\t\t<div class=\"overlay\">\n\t\t\t\t\t\t\t<p class=\"title\">\n\t\t\t\t\tFondant au chocolat\t\t\t\t<\/p>\n\t\t\t\t\t\t\t<p class=\"caption\">\n\t\t\t\t\t\t\t\t\t<\/p>\n\t\t\t\t\t\t\t<p class=\"description\">\n\t\t\t\t\t\t\t\t\t<\/p>\n\t\t\t\t\t<\/div>\n\t\t\t\t<\/a>\n\t\t\t\t<a class=\"gallery-item\" href=\"https:\/\/camping-lesoleil.fr\/wp-content\/uploads\/2024\/02\/tiramissu.jpg\" data-elementor-open-lightbox=\"yes\" data-elementor-lightbox-slideshow=\"all-bca79ec\">\n\t\t\t<div class=\"type-image\">\n\t\t\t\t<div class=\"poster\">\n\t\t\t\t\t\t\t\t\t\t<img decoding=\"async\" loading=\"lazy\" src=\"https:\/\/camping-lesoleil.fr\/wp-content\/uploads\/2024\/02\/tiramissu.jpg\" alt=\"\">\n\t\t\t\t<\/div>\n\t\t\t<\/div>\n\t\t\t\t\t<div class=\"overlay\">\n\t\t\t\t\t\t\t<p class=\"title\">\n\t\t\t\t\tTiramis\u00f9\t\t\t\t<\/p>\n\t\t\t\t\t\t\t<p class=\"caption\">\n\t\t\t\t\t\t\t\t\t<\/p>\n\t\t\t\t\t\t\t<p class=\"description\">\n\t\t\t\t\t\t\t\t\t<\/p>\n\t\t\t\t\t<\/div>\n\t\t\t\t<\/a>\n\t\t\t\t<a class=\"gallery-item\" href=\"https:\/\/camping-lesoleil.fr\/wp-content\/uploads\/2024\/02\/calzone.jpg\" data-elementor-open-lightbox=\"yes\" data-elementor-lightbox-slideshow=\"all-bca79ec\">\n\t\t\t<div class=\"type-image\">\n\t\t\t\t<div class=\"poster\">\n\t\t\t\t\t\t\t\t\t\t<img decoding=\"async\" loading=\"lazy\" src=\"https:\/\/camping-lesoleil.fr\/wp-content\/uploads\/2024\/02\/calzone.jpg\" alt=\"\">\n\t\t\t\t<\/div>\n\t\t\t<\/div>\n\t\t\t\t\t<div class=\"overlay\">\n\t\t\t\t\t\t\t<p class=\"title\">\n\t\t\t\t\tCalzone\t\t\t\t<\/p>\n\t\t\t\t\t\t\t<p class=\"caption\">\n\t\t\t\t\t\t\t\t\t<\/p>\n\t\t\t\t\t\t\t<p class=\"description\">\n\t\t\t\t\t\t\t\t\t<\/p>\n\t\t\t\t\t<\/div>\n\t\t\t\t<\/a>\n\t\t\t\t<a class=\"gallery-item\" href=\"https:\/\/camping-lesoleil.fr\/wp-content\/uploads\/2024\/02\/pizza.jpg\" data-elementor-open-lightbox=\"yes\" data-elementor-lightbox-slideshow=\"all-bca79ec\">\n\t\t\t<div class=\"type-image\">\n\t\t\t\t<div class=\"poster\">\n\t\t\t\t\t\t\t\t\t\t<img decoding=\"async\" loading=\"lazy\" src=\"https:\/\/camping-lesoleil.fr\/wp-content\/uploads\/2024\/02\/pizza.jpg\" alt=\"\">\n\t\t\t\t<\/div>\n\t\t\t<\/div>\n\t\t\t\t\t<div class=\"overlay\">\n\t\t\t\t\t\t\t<p class=\"title\">\n\t\t\t\t\tPizza\t\t\t\t<\/p>\n\t\t\t\t\t\t\t<p class=\"caption\">\n\t\t\t\t\t\t\t\t\t<\/p>\n\t\t\t\t\t\t\t<p class=\"description\">\n\t\t\t\t\t\t\t\t\t<\/p>\n\t\t\t\t\t<\/div>\n\t\t\t\t<\/a>\n\t\t<\/div><\/div><\/div>\t\t\t\t<\/div>\n\t\t\t\t<\/div>\n\t\t\t\t<\/div>\n\t\t\t\t\t<\/div>\n\t\t\t\t<\/div>\n\t\t\t\t<\/div>\n\t\t","protected":false},"excerpt":{"rendered":"<p>Bar pizzeria Die besten Pizzen Korsikas laut 3 Reisef\u00fchrern Die Bar ist die ganze Saison \u00fcber ge\u00f6ffnet. Die Pizza ist hausgemacht und wird nur am Abend auf dem Holzfeuer gebacken. Moelleux \u00e0 la chataigne Fondant au chocolat Tiramis\u00f9 Calzone Pizza<\/p>\n","protected":false},"author":1,"featured_media":0,"parent":0,"menu_order":0,"comment_status":"closed","ping_status":"closed","template":"elementor_header_footer","meta":{"_acf_changed":false,"footnotes":""},"class_list":["post-2237","page","type-page","status-publish","hentry"],"acf":[],"yoast_head":"<!-- This site is optimized with the Yoast SEO plugin v27.2 - https:\/\/yoast.com\/product\/yoast-seo-wordpress\/ -->\n<title>Campingplatz Le Soleil Tattone - Restaurant<\/title>\n<meta name=\"description\" content=\"Das Restaurant auf dem Campingplatz Le Soleil auf Korsika: Genie\u00dfen Sie lokale und saisonale Gerichte in einer gem\u00fctlichen Umgebung inmitten der Natur.\" \/>\n<meta name=\"robots\" content=\"index, follow, max-snippet:-1, max-image-preview:large, max-video-preview:-1\" \/>\n<link rel=\"canonical\" href=\"https:\/\/camping-lesoleil.fr\/de\/restaurant\/\" \/>\n<meta property=\"og:locale\" content=\"de_DE\" \/>\n<meta property=\"og:type\" content=\"article\" \/>\n<meta property=\"og:title\" content=\"Campingplatz Le Soleil Tattone - Restaurant\" \/>\n<meta property=\"og:description\" content=\"Das Restaurant auf dem Campingplatz Le Soleil auf Korsika: Genie\u00dfen Sie lokale und saisonale Gerichte in einer gem\u00fctlichen Umgebung inmitten der Natur.\" \/>\n<meta property=\"og:url\" content=\"https:\/\/camping-lesoleil.fr\/de\/restaurant\/\" \/>\n<meta property=\"og:site_name\" content=\"Camping le Soleil Tattone Corse\" \/>\n<meta property=\"article:modified_time\" content=\"2024-09-19T08:28:25+00:00\" \/>\n<meta property=\"og:image\" content=\"https:\/\/camping-lesoleil.fr\/wp-content\/uploads\/2024\/02\/1.jpg\" \/>\n<meta name=\"twitter:card\" content=\"summary_large_image\" \/>\n<script type=\"application\/ld+json\" class=\"yoast-schema-graph\">{\"@context\":\"https:\/\/schema.org\",\"@graph\":[{\"@type\":\"WebPage\",\"@id\":\"https:\/\/camping-lesoleil.fr\/de\/restaurant\/\",\"url\":\"https:\/\/camping-lesoleil.fr\/de\/restaurant\/\",\"name\":\"Campingplatz Le Soleil Tattone - Restaurant\",\"isPartOf\":{\"@id\":\"https:\/\/camping-lesoleil.fr\/#website\"},\"primaryImageOfPage\":{\"@id\":\"https:\/\/camping-lesoleil.fr\/de\/restaurant\/#primaryimage\"},\"image\":{\"@id\":\"https:\/\/camping-lesoleil.fr\/de\/restaurant\/#primaryimage\"},\"thumbnailUrl\":\"https:\/\/camping-lesoleil.fr\/wp-content\/uploads\/2024\/02\/1.jpg\",\"datePublished\":\"2024-02-09T15:19:34+00:00\",\"dateModified\":\"2024-09-19T08:28:25+00:00\",\"description\":\"Das Restaurant auf dem Campingplatz Le Soleil auf Korsika: Genie\u00dfen Sie lokale und saisonale Gerichte in einer gem\u00fctlichen Umgebung inmitten der Natur.\",\"breadcrumb\":{\"@id\":\"https:\/\/camping-lesoleil.fr\/de\/restaurant\/#breadcrumb\"},\"inLanguage\":\"de\",\"potentialAction\":[{\"@type\":\"ReadAction\",\"target\":[\"https:\/\/camping-lesoleil.fr\/de\/restaurant\/\"]}]},{\"@type\":\"ImageObject\",\"inLanguage\":\"de\",\"@id\":\"https:\/\/camping-lesoleil.fr\/de\/restaurant\/#primaryimage\",\"url\":\"https:\/\/camping-lesoleil.fr\/wp-content\/uploads\/2024\/02\/1.jpg\",\"contentUrl\":\"https:\/\/camping-lesoleil.fr\/wp-content\/uploads\/2024\/02\/1.jpg\"},{\"@type\":\"BreadcrumbList\",\"@id\":\"https:\/\/camping-lesoleil.fr\/de\/restaurant\/#breadcrumb\",\"itemListElement\":[{\"@type\":\"ListItem\",\"position\":1,\"name\":\"Accueil\",\"item\":\"https:\/\/camping-lesoleil.fr\/de\/startseite\/\"},{\"@type\":\"ListItem\",\"position\":2,\"name\":\"Restaurant\"}]},{\"@type\":\"WebSite\",\"@id\":\"https:\/\/camping-lesoleil.fr\/#website\",\"url\":\"https:\/\/camping-lesoleil.fr\/\",\"name\":\"Camping le Soleil Tattone Corse\",\"description\":\"Camping le Soleil Tattone Corse\",\"potentialAction\":[{\"@type\":\"SearchAction\",\"target\":{\"@type\":\"EntryPoint\",\"urlTemplate\":\"https:\/\/camping-lesoleil.fr\/?s={search_term_string}\"},\"query-input\":{\"@type\":\"PropertyValueSpecification\",\"valueRequired\":true,\"valueName\":\"search_term_string\"}}],\"inLanguage\":\"de\"}]}<\/script>\n<!-- \/ Yoast SEO plugin. -->","yoast_head_json":{"title":"Campingplatz Le Soleil Tattone - Restaurant","description":"Das Restaurant auf dem Campingplatz Le Soleil auf Korsika: Genie\u00dfen Sie lokale und saisonale Gerichte in einer gem\u00fctlichen Umgebung inmitten der Natur.","robots":{"index":"index","follow":"follow","max-snippet":"max-snippet:-1","max-image-preview":"max-image-preview:large","max-video-preview":"max-video-preview:-1"},"canonical":"https:\/\/camping-lesoleil.fr\/de\/restaurant\/","og_locale":"de_DE","og_type":"article","og_title":"Campingplatz Le Soleil Tattone - Restaurant","og_description":"Das Restaurant auf dem Campingplatz Le Soleil auf Korsika: Genie\u00dfen Sie lokale und saisonale Gerichte in einer gem\u00fctlichen Umgebung inmitten der Natur.","og_url":"https:\/\/camping-lesoleil.fr\/de\/restaurant\/","og_site_name":"Camping le Soleil Tattone Corse","article_modified_time":"2024-09-19T08:28:25+00:00","og_image":[{"url":"https:\/\/camping-lesoleil.fr\/wp-content\/uploads\/2024\/02\/1.jpg","type":"","width":"","height":""}],"twitter_card":"summary_large_image","schema":{"@context":"https:\/\/schema.org","@graph":[{"@type":"WebPage","@id":"https:\/\/camping-lesoleil.fr\/de\/restaurant\/","url":"https:\/\/camping-lesoleil.fr\/de\/restaurant\/","name":"Campingplatz Le Soleil Tattone - Restaurant","isPartOf":{"@id":"https:\/\/camping-lesoleil.fr\/#website"},"primaryImageOfPage":{"@id":"https:\/\/camping-lesoleil.fr\/de\/restaurant\/#primaryimage"},"image":{"@id":"https:\/\/camping-lesoleil.fr\/de\/restaurant\/#primaryimage"},"thumbnailUrl":"https:\/\/camping-lesoleil.fr\/wp-content\/uploads\/2024\/02\/1.jpg","datePublished":"2024-02-09T15:19:34+00:00","dateModified":"2024-09-19T08:28:25+00:00","description":"Das Restaurant auf dem Campingplatz Le Soleil auf Korsika: Genie\u00dfen Sie lokale und saisonale Gerichte in einer gem\u00fctlichen Umgebung inmitten der Natur.","breadcrumb":{"@id":"https:\/\/camping-lesoleil.fr\/de\/restaurant\/#breadcrumb"},"inLanguage":"de","potentialAction":[{"@type":"ReadAction","target":["https:\/\/camping-lesoleil.fr\/de\/restaurant\/"]}]},{"@type":"ImageObject","inLanguage":"de","@id":"https:\/\/camping-lesoleil.fr\/de\/restaurant\/#primaryimage","url":"https:\/\/camping-lesoleil.fr\/wp-content\/uploads\/2024\/02\/1.jpg","contentUrl":"https:\/\/camping-lesoleil.fr\/wp-content\/uploads\/2024\/02\/1.jpg"},{"@type":"BreadcrumbList","@id":"https:\/\/camping-lesoleil.fr\/de\/restaurant\/#breadcrumb","itemListElement":[{"@type":"ListItem","position":1,"name":"Accueil","item":"https:\/\/camping-lesoleil.fr\/de\/startseite\/"},{"@type":"ListItem","position":2,"name":"Restaurant"}]},{"@type":"WebSite","@id":"https:\/\/camping-lesoleil.fr\/#website","url":"https:\/\/camping-lesoleil.fr\/","name":"Camping le Soleil Tattone Corse","description":"Camping le Soleil Tattone Corse","potentialAction":[{"@type":"SearchAction","target":{"@type":"EntryPoint","urlTemplate":"https:\/\/camping-lesoleil.fr\/?s={search_term_string}"},"query-input":{"@type":"PropertyValueSpecification","valueRequired":true,"valueName":"search_term_string"}}],"inLanguage":"de"}]}},"_links":{"self":[{"href":"https:\/\/camping-lesoleil.fr\/de\/wp-json\/wp\/v2\/pages\/2237","targetHints":{"allow":["GET"]}}],"collection":[{"href":"https:\/\/camping-lesoleil.fr\/de\/wp-json\/wp\/v2\/pages"}],"about":[{"href":"https:\/\/camping-lesoleil.fr\/de\/wp-json\/wp\/v2\/types\/page"}],"author":[{"embeddable":true,"href":"https:\/\/camping-lesoleil.fr\/de\/wp-json\/wp\/v2\/users\/1"}],"replies":[{"embeddable":true,"href":"https:\/\/camping-lesoleil.fr\/de\/wp-json\/wp\/v2\/comments?post=2237"}],"version-history":[{"count":3,"href":"https:\/\/camping-lesoleil.fr\/de\/wp-json\/wp\/v2\/pages\/2237\/revisions"}],"predecessor-version":[{"id":2251,"href":"https:\/\/camping-lesoleil.fr\/de\/wp-json\/wp\/v2\/pages\/2237\/revisions\/2251"}],"wp:attachment":[{"href":"https:\/\/camping-lesoleil.fr\/de\/wp-json\/wp\/v2\/media?parent=2237"}],"curies":[{"name":"wp","href":"https:\/\/api.w.org\/{rel}","templated":true}]}}