{"id":2269,"date":"2024-02-11T16:11:00","date_gmt":"2024-02-11T15:11:00","guid":{"rendered":"https:\/\/camping-lesoleil.fr\/aktivitaeten\/"},"modified":"2024-09-19T09:25:12","modified_gmt":"2024-09-19T07:25:12","slug":"aktivitaeten","status":"publish","type":"page","link":"https:\/\/camping-lesoleil.fr\/de\/aktivitaeten\/","title":{"rendered":"Aktivit\u00e4ten"},"content":{"rendered":"\t\t<div data-elementor-type=\"wp-post\" data-elementor-id=\"2269\" class=\"elementor elementor-2269 elementor-923\" data-elementor-post-type=\"page\">\n\t\t\t\t<div class=\"elementor-element elementor-element-5c4bfa6 e-flex e-con-boxed e-con e-parent\" data-id=\"5c4bfa6\" data-element_type=\"container\" data-e-type=\"container\" data-settings=\"{&quot;background_background&quot;:&quot;classic&quot;,&quot;jet_parallax_layout_list&quot;:[]}\">\n\t\t\t\t\t<div class=\"e-con-inner\">\n\t\t\t\t<div class=\"elementor-element elementor-element-0b1e1d5 elementor-view-default elementor-widget elementor-widget-icon\" data-id=\"0b1e1d5\" data-element_type=\"widget\" data-e-type=\"widget\" data-widget_type=\"icon.default\">\n\t\t\t\t<div class=\"elementor-widget-container\">\n\t\t\t\t\t\t\t<div class=\"elementor-icon-wrapper\">\n\t\t\t<div class=\"elementor-icon\">\n\t\t\t<svg aria-hidden=\"true\" class=\"e-font-icon-svg e-fas-horse\" viewBox=\"0 0 576 512\" xmlns=\"http:\/\/www.w3.org\/2000\/svg\"><path d=\"M575.92 76.6c-.01-8.13-3.02-15.87-8.58-21.8-3.78-4.03-8.58-9.12-13.69-14.5 11.06-6.84 19.5-17.49 22.18-30.66C576.85 4.68 572.96 0 567.9 0H447.92c-70.69 0-128 57.31-128 128H160c-28.84 0-54.4 12.98-72 33.11V160c-48.53 0-88 39.47-88 88v56c0 8.84 7.16 16 16 16h16c8.84 0 16-7.16 16-16v-56c0-13.22 6.87-24.39 16.78-31.68-.21 2.58-.78 5.05-.78 7.68 0 27.64 11.84 52.36 30.54 69.88l-25.72 68.6a63.945 63.945 0 0 0-2.16 37.99l24.85 99.41A15.982 15.982 0 0 0 107.02 512h65.96c10.41 0 18.05-9.78 15.52-19.88l-26.31-105.26 23.84-63.59L320 345.6V496c0 8.84 7.16 16 16 16h64c8.84 0 16-7.16 16-16V318.22c19.74-20.19 32-47.75 32-78.22 0-.22-.07-.42-.08-.64V136.89l16 7.11 18.9 37.7c7.45 14.87 25.05 21.55 40.49 15.37l32.55-13.02a31.997 31.997 0 0 0 20.12-29.74l-.06-77.71zm-64 19.4c-8.84 0-16-7.16-16-16s7.16-16 16-16 16 7.16 16 16-7.16 16-16 16z\"><\/path><\/svg>\t\t\t<\/div>\n\t\t<\/div>\n\t\t\t\t\t\t<\/div>\n\t\t\t\t<\/div>\n\t\t\t\t<div class=\"elementor-element elementor-element-309552c elementor-widget elementor-widget-heading\" data-id=\"309552c\" data-element_type=\"widget\" data-e-type=\"widget\" data-widget_type=\"heading.default\">\n\t\t\t\t<div class=\"elementor-widget-container\">\n\t\t\t\t\t<h1 class=\"elementor-heading-title elementor-size-default\">Aktivit\u00e4ten<\/h1>\t\t\t\t<\/div>\n\t\t\t\t<\/div>\n\t\t\t\t\t<\/div>\n\t\t\t\t<\/div>\n\t\t<div class=\"elementor-element elementor-element-a016bd8 e-flex e-con-boxed e-con e-parent\" data-id=\"a016bd8\" data-element_type=\"container\" data-e-type=\"container\" data-settings=\"{&quot;jet_parallax_layout_list&quot;:[]}\">\n\t\t\t\t\t<div class=\"e-con-inner\">\n\t\t<div class=\"elementor-element elementor-element-5f7a7e97 e-flex e-con-boxed e-con e-child\" data-id=\"5f7a7e97\" data-element_type=\"container\" data-e-type=\"container\" data-settings=\"{&quot;jet_parallax_layout_list&quot;:[]}\">\n\t\t\t\t\t<div class=\"e-con-inner\">\n\t\t<div class=\"elementor-element elementor-element-8ef12a2 e-con-full e-flex e-con e-child\" data-id=\"8ef12a2\" data-element_type=\"container\" data-e-type=\"container\" data-settings=\"{&quot;jet_parallax_layout_list&quot;:[]}\">\n\t\t\t\t<div class=\"elementor-element elementor-element-64a739c7 elementor-align-left elementor-widget elementor-widget-raven-heading\" data-id=\"64a739c7\" data-element_type=\"widget\" data-e-type=\"widget\" data-widget_type=\"raven-heading.default\">\n\t\t\t\t<div class=\"elementor-widget-container\">\n\t\t\t\t\t\t\t<div class=\"raven-widget-wrapper\"><h2 class=\"raven-heading raven-heading-h2\"><span class=\"raven-heading-title \">Aktivit\u00e4ten, die Sie nicht verpassen sollten<\/span><\/h2><\/div>\n\t\t\t\t\t\t<\/div>\n\t\t\t\t<\/div>\n\t\t\t\t<div class=\"elementor-element elementor-element-463ae5c8 elementor-widget elementor-widget-text-editor\" data-id=\"463ae5c8\" data-element_type=\"widget\" data-e-type=\"widget\" data-widget_type=\"text-editor.default\">\n\t\t\t\t<div class=\"elementor-widget-container\">\n\t\t\t\t\t\t\t\t\t<p><a href=\"https:\/\/tourisme-centrecorse.corsica\/vivario-vivariu\/\">Vivario<\/a> und <a href=\"https:\/\/www.visit-corsica.com\/Mon-sejour\/Itineraires\/Tous-les-itineraires\/DECOUVERTE-DU-CENTRE-CORSE\">Zentralkorsika<\/a> sind reich an verschiedenen Aktivit\u00e4ten und bieten unvergessliche Abenteuer zwischen majest\u00e4tischen Bergen, dichten W\u00e4ldern und kristallklaren Fl\u00fcssen.<\/p>\n\t\t\t\t\t\t\t\t<\/div>\n\t\t\t\t<\/div>\n\t\t\t\t<\/div>\n\t\t\t\t\t<\/div>\n\t\t\t\t<\/div>\n\t\t\t\t\t<\/div>\n\t\t\t\t<\/div>\n\t\t<div class=\"elementor-element elementor-element-dc20afc e-flex e-con-boxed e-con e-parent\" data-id=\"dc20afc\" data-element_type=\"container\" data-e-type=\"container\" data-settings=\"{&quot;jet_parallax_layout_list&quot;:[]}\">\n\t\t\t\t\t<div class=\"e-con-inner\">\n\t\t<div class=\"elementor-element elementor-element-e8bbdc9 e-con-full e-flex e-con e-child\" data-id=\"e8bbdc9\" data-element_type=\"container\" data-e-type=\"container\" data-settings=\"{&quot;jet_parallax_layout_list&quot;:[]}\">\n\t\t\t\t<div class=\"elementor-element elementor-element-d391350 elementor-widget elementor-widget-image\" data-id=\"d391350\" data-element_type=\"widget\" data-e-type=\"widget\" data-widget_type=\"image.default\">\n\t\t\t\t<div class=\"elementor-widget-container\">\n\t\t\t\t\t\t\t\t\t\t\t\t\t\t\t\t<a href=\"https:\/\/camping-lesoleil.fr\/wp-content\/uploads\/2024\/02\/Pars-des-tortues-A-CUPULATTA-sur-la-plaine-de-Peri.jpg\" data-elementor-open-lightbox=\"yes\" data-elementor-lightbox-title=\"Pars-des-tortues-A-CUPULATTA-sur-la-plaine-de-Peri\" data-e-action-hash=\"#elementor-action%3Aaction%3Dlightbox%26settings%3DeyJpZCI6MTY5NywidXJsIjoiaHR0cHM6XC9cL2NhbXBpbmctbGVzb2xlaWwuZnJcL3dwLWNvbnRlbnRcL3VwbG9hZHNcLzIwMjRcLzAyXC9QYXJzLWRlcy10b3J0dWVzLUEtQ1VQVUxBVFRBLXN1ci1sYS1wbGFpbmUtZGUtUGVyaS5qcGcifQ%3D%3D\">\n\t\t\t\t\t\t\t<img fetchpriority=\"high\" decoding=\"async\" width=\"1000\" height=\"516\" src=\"https:\/\/camping-lesoleil.fr\/wp-content\/uploads\/2024\/02\/Pars-des-tortues-A-CUPULATTA-sur-la-plaine-de-Peri.jpg\" class=\"attachment-large size-large wp-image-1697\" alt=\"\" srcset=\"https:\/\/camping-lesoleil.fr\/wp-content\/uploads\/2024\/02\/Pars-des-tortues-A-CUPULATTA-sur-la-plaine-de-Peri.jpg 1000w, https:\/\/camping-lesoleil.fr\/wp-content\/uploads\/2024\/02\/Pars-des-tortues-A-CUPULATTA-sur-la-plaine-de-Peri-600x310.jpg 600w, https:\/\/camping-lesoleil.fr\/wp-content\/uploads\/2024\/02\/Pars-des-tortues-A-CUPULATTA-sur-la-plaine-de-Peri-300x155.jpg 300w, https:\/\/camping-lesoleil.fr\/wp-content\/uploads\/2024\/02\/Pars-des-tortues-A-CUPULATTA-sur-la-plaine-de-Peri-768x396.jpg 768w\" sizes=\"(max-width: 1000px) 100vw, 1000px\" \/>\t\t\t\t\t\t\t\t<\/a>\n\t\t\t\t\t\t\t\t\t\t\t\t\t\t\t<\/div>\n\t\t\t\t<\/div>\n\t\t\t\t<\/div>\n\t\t<div class=\"elementor-element elementor-element-e94af8b e-con-full e-flex e-con e-child\" data-id=\"e94af8b\" data-element_type=\"container\" data-e-type=\"container\" data-settings=\"{&quot;jet_parallax_layout_list&quot;:[]}\">\n\t\t\t\t<div class=\"elementor-element elementor-element-8fdd3e1 elementor-widget elementor-widget-image\" data-id=\"8fdd3e1\" data-element_type=\"widget\" data-e-type=\"widget\" data-widget_type=\"image.default\">\n\t\t\t\t<div class=\"elementor-widget-container\">\n\t\t\t\t\t\t\t\t\t\t\t\t\t\t\t\t<a href=\"https:\/\/camping-lesoleil.fr\/wp-content\/uploads\/2024\/02\/activites_en_pleine_nature-au-col-de-Vizzavona.jpg\" data-elementor-open-lightbox=\"yes\" data-elementor-lightbox-title=\"activites_en_pleine_nature-au-col-de-Vizzavona\" data-e-action-hash=\"#elementor-action%3Aaction%3Dlightbox%26settings%3DeyJpZCI6MTYyNSwidXJsIjoiaHR0cHM6XC9cL2NhbXBpbmctbGVzb2xlaWwuZnJcL3dwLWNvbnRlbnRcL3VwbG9hZHNcLzIwMjRcLzAyXC9hY3Rpdml0ZXNfZW5fcGxlaW5lX25hdHVyZS1hdS1jb2wtZGUtVml6emF2b25hLmpwZyJ9\">\n\t\t\t\t\t\t\t<img decoding=\"async\" width=\"718\" height=\"611\" src=\"https:\/\/camping-lesoleil.fr\/wp-content\/uploads\/2024\/02\/activites_en_pleine_nature-au-col-de-Vizzavona.jpg\" class=\"attachment-large size-large wp-image-1625\" alt=\"\" srcset=\"https:\/\/camping-lesoleil.fr\/wp-content\/uploads\/2024\/02\/activites_en_pleine_nature-au-col-de-Vizzavona.jpg 718w, https:\/\/camping-lesoleil.fr\/wp-content\/uploads\/2024\/02\/activites_en_pleine_nature-au-col-de-Vizzavona-600x511.jpg 600w, https:\/\/camping-lesoleil.fr\/wp-content\/uploads\/2024\/02\/activites_en_pleine_nature-au-col-de-Vizzavona-300x255.jpg 300w\" sizes=\"(max-width: 718px) 100vw, 718px\" \/>\t\t\t\t\t\t\t\t<\/a>\n\t\t\t\t\t\t\t\t\t\t\t\t\t\t\t<\/div>\n\t\t\t\t<\/div>\n\t\t\t\t<\/div>\n\t\t<div class=\"elementor-element elementor-element-191bddb e-con-full e-flex e-con e-child\" data-id=\"191bddb\" data-element_type=\"container\" data-e-type=\"container\" data-settings=\"{&quot;jet_parallax_layout_list&quot;:[]}\">\n\t\t\t\t<div class=\"elementor-element elementor-element-3db5f5a elementor-widget elementor-widget-image\" data-id=\"3db5f5a\" data-element_type=\"widget\" data-e-type=\"widget\" data-widget_type=\"image.default\">\n\t\t\t\t<div class=\"elementor-widget-container\">\n\t\t\t\t\t\t\t\t\t\t\t\t<figure class=\"wp-caption\">\n\t\t\t\t\t\t\t\t\t\t\t<a href=\"https:\/\/camping-lesoleil.fr\/wp-content\/uploads\/2024\/02\/Degustation-de-produits-locaux-O-Vivario.jpg\" data-elementor-open-lightbox=\"yes\" data-elementor-lightbox-title=\"Degustation-de-produits-locaux-O-Vivario\" data-e-action-hash=\"#elementor-action%3Aaction%3Dlightbox%26settings%3DeyJpZCI6MTY0OSwidXJsIjoiaHR0cHM6XC9cL2NhbXBpbmctbGVzb2xlaWwuZnJcL3dwLWNvbnRlbnRcL3VwbG9hZHNcLzIwMjRcLzAyXC9EZWd1c3RhdGlvbi1kZS1wcm9kdWl0cy1sb2NhdXgtTy1WaXZhcmlvLmpwZyJ9\">\n\t\t\t\t\t\t\t<img decoding=\"async\" width=\"900\" height=\"623\" src=\"https:\/\/camping-lesoleil.fr\/wp-content\/uploads\/2024\/02\/Degustation-de-produits-locaux-O-Vivario.jpg\" class=\"attachment-full size-full wp-image-1649\" alt=\"\" srcset=\"https:\/\/camping-lesoleil.fr\/wp-content\/uploads\/2024\/02\/Degustation-de-produits-locaux-O-Vivario.jpg 900w, https:\/\/camping-lesoleil.fr\/wp-content\/uploads\/2024\/02\/Degustation-de-produits-locaux-O-Vivario-600x415.jpg 600w, https:\/\/camping-lesoleil.fr\/wp-content\/uploads\/2024\/02\/Degustation-de-produits-locaux-O-Vivario-300x208.jpg 300w, https:\/\/camping-lesoleil.fr\/wp-content\/uploads\/2024\/02\/Degustation-de-produits-locaux-O-Vivario-768x532.jpg 768w\" sizes=\"(max-width: 900px) 100vw, 900px\" \/>\t\t\t\t\t\t\t\t<\/a>\n\t\t\t\t\t\t\t\t\t\t\t<figcaption class=\"widget-image-caption wp-caption-text\">Lebensmittelgesch\u00e4ft l'Affacate, Verkostung von lokalen Produkten in Vivario<\/figcaption>\n\t\t\t\t\t\t\t\t\t\t<\/figure>\n\t\t\t\t\t\t\t\t\t<\/div>\n\t\t\t\t<\/div>\n\t\t\t\t<\/div>\n\t\t\t\t\t<\/div>\n\t\t\t\t<\/div>\n\t\t<div class=\"elementor-element elementor-element-ea66d7b e-flex e-con-boxed e-con e-parent\" data-id=\"ea66d7b\" data-element_type=\"container\" data-e-type=\"container\" data-settings=\"{&quot;jet_parallax_layout_list&quot;:[]}\">\n\t\t\t\t\t<div class=\"e-con-inner\">\n\t\t<div class=\"elementor-element elementor-element-4ba81ab e-con-full e-flex e-con e-child\" data-id=\"4ba81ab\" data-element_type=\"container\" data-e-type=\"container\" data-settings=\"{&quot;jet_parallax_layout_list&quot;:[]}\">\n\t\t\t\t<div class=\"elementor-element elementor-element-61f8578 elementor-widget elementor-widget-image\" data-id=\"61f8578\" data-element_type=\"widget\" data-e-type=\"widget\" data-widget_type=\"image.default\">\n\t\t\t\t<div class=\"elementor-widget-container\">\n\t\t\t\t\t\t\t\t\t\t\t\t\t\t\t\t<a href=\"https:\/\/camping-lesoleil.fr\/wp-content\/uploads\/2024\/02\/Ballades-cheval-Savaggio.jpg\" data-elementor-open-lightbox=\"yes\" data-elementor-lightbox-title=\"Ballades-cheval-Savaggio\" data-e-action-hash=\"#elementor-action%3Aaction%3Dlightbox%26settings%3DeyJpZCI6MTYzMSwidXJsIjoiaHR0cHM6XC9cL2NhbXBpbmctbGVzb2xlaWwuZnJcL3dwLWNvbnRlbnRcL3VwbG9hZHNcLzIwMjRcLzAyXC9CYWxsYWRlcy1jaGV2YWwtU2F2YWdnaW8uanBnIn0%3D\">\n\t\t\t\t\t\t\t<img loading=\"lazy\" decoding=\"async\" width=\"1000\" height=\"638\" src=\"https:\/\/camping-lesoleil.fr\/wp-content\/uploads\/2024\/02\/Ballades-cheval-Savaggio.jpg\" class=\"attachment-large size-large wp-image-1631\" alt=\"\" srcset=\"https:\/\/camping-lesoleil.fr\/wp-content\/uploads\/2024\/02\/Ballades-cheval-Savaggio.jpg 1000w, https:\/\/camping-lesoleil.fr\/wp-content\/uploads\/2024\/02\/Ballades-cheval-Savaggio-600x383.jpg 600w, https:\/\/camping-lesoleil.fr\/wp-content\/uploads\/2024\/02\/Ballades-cheval-Savaggio-300x191.jpg 300w, https:\/\/camping-lesoleil.fr\/wp-content\/uploads\/2024\/02\/Ballades-cheval-Savaggio-768x490.jpg 768w\" sizes=\"(max-width: 1000px) 100vw, 1000px\" \/>\t\t\t\t\t\t\t\t<\/a>\n\t\t\t\t\t\t\t\t\t\t\t\t\t\t\t<\/div>\n\t\t\t\t<\/div>\n\t\t\t\t<\/div>\n\t\t<div class=\"elementor-element elementor-element-361af03 e-con-full e-flex e-con e-child\" data-id=\"361af03\" data-element_type=\"container\" data-e-type=\"container\" data-settings=\"{&quot;jet_parallax_layout_list&quot;:[]}\">\n\t\t\t\t<div class=\"elementor-element elementor-element-d41f610 elementor-widget elementor-widget-image\" data-id=\"d41f610\" data-element_type=\"widget\" data-e-type=\"widget\" data-widget_type=\"image.default\">\n\t\t\t\t<div class=\"elementor-widget-container\">\n\t\t\t\t\t\t\t\t\t\t\t\t<figure class=\"wp-caption\">\n\t\t\t\t\t\t\t\t\t\t\t<a href=\"https:\/\/camping-lesoleil.fr\/wp-content\/uploads\/2024\/02\/ballade-en-train.jpg\" data-elementor-open-lightbox=\"yes\" data-elementor-lightbox-title=\"ballade en train\" data-e-action-hash=\"#elementor-action%3Aaction%3Dlightbox%26settings%3DeyJpZCI6MTk1NywidXJsIjoiaHR0cHM6XC9cL2NhbXBpbmctbGVzb2xlaWwuZnJcL3dwLWNvbnRlbnRcL3VwbG9hZHNcLzIwMjRcLzAyXC9iYWxsYWRlLWVuLXRyYWluLmpwZyJ9\">\n\t\t\t\t\t\t\t<img loading=\"lazy\" decoding=\"async\" width=\"1024\" height=\"683\" src=\"https:\/\/camping-lesoleil.fr\/wp-content\/uploads\/2024\/02\/ballade-en-train-1024x683.jpg\" class=\"attachment-large size-large wp-image-1957\" alt=\"\" srcset=\"https:\/\/camping-lesoleil.fr\/wp-content\/uploads\/2024\/02\/ballade-en-train-1024x683.jpg 1024w, https:\/\/camping-lesoleil.fr\/wp-content\/uploads\/2024\/02\/ballade-en-train-300x200.jpg 300w, https:\/\/camping-lesoleil.fr\/wp-content\/uploads\/2024\/02\/ballade-en-train-768x512.jpg 768w, https:\/\/camping-lesoleil.fr\/wp-content\/uploads\/2024\/02\/ballade-en-train-1320x880.jpg 1320w, https:\/\/camping-lesoleil.fr\/wp-content\/uploads\/2024\/02\/ballade-en-train-600x400.jpg 600w, https:\/\/camping-lesoleil.fr\/wp-content\/uploads\/2024\/02\/ballade-en-train.jpg 1500w\" sizes=\"(max-width: 1024px) 100vw, 1024px\" \/>\t\t\t\t\t\t\t\t<\/a>\n\t\t\t\t\t\t\t\t\t\t\t<figcaption class=\"widget-image-caption wp-caption-text\">Spaziergang mit dem Zug<\/figcaption>\n\t\t\t\t\t\t\t\t\t\t<\/figure>\n\t\t\t\t\t\t\t\t\t<\/div>\n\t\t\t\t<\/div>\n\t\t\t\t<\/div>\n\t\t<div class=\"elementor-element elementor-element-5b4a0b7 e-con-full e-flex e-con e-child\" data-id=\"5b4a0b7\" data-element_type=\"container\" data-e-type=\"container\" data-settings=\"{&quot;jet_parallax_layout_list&quot;:[]}\">\n\t\t\t\t<div class=\"elementor-element elementor-element-e40318d elementor-widget elementor-widget-image\" data-id=\"e40318d\" data-element_type=\"widget\" data-e-type=\"widget\" data-widget_type=\"image.default\">\n\t\t\t\t<div class=\"elementor-widget-container\">\n\t\t\t\t\t\t\t\t\t\t\t\t<figure class=\"wp-caption\">\n\t\t\t\t\t\t\t\t\t\t\t<a href=\"https:\/\/camping-lesoleil.fr\/wp-content\/uploads\/2024\/02\/Restaurant-U-campanile-O-Vivario.jpg\" data-elementor-open-lightbox=\"yes\" data-elementor-lightbox-title=\"Restaurant-U-campanile-O-Vivario\" data-e-action-hash=\"#elementor-action%3Aaction%3Dlightbox%26settings%3DeyJpZCI6MTcxMywidXJsIjoiaHR0cHM6XC9cL2NhbXBpbmctbGVzb2xlaWwuZnJcL3dwLWNvbnRlbnRcL3VwbG9hZHNcLzIwMjRcLzAyXC9SZXN0YXVyYW50LVUtY2FtcGFuaWxlLU8tVml2YXJpby5qcGcifQ%3D%3D\">\n\t\t\t\t\t\t\t<img loading=\"lazy\" decoding=\"async\" width=\"474\" height=\"309\" src=\"https:\/\/camping-lesoleil.fr\/wp-content\/uploads\/2024\/02\/Restaurant-U-campanile-O-Vivario.jpg\" class=\"attachment-full size-full wp-image-1713\" alt=\"\" srcset=\"https:\/\/camping-lesoleil.fr\/wp-content\/uploads\/2024\/02\/Restaurant-U-campanile-O-Vivario.jpg 474w, https:\/\/camping-lesoleil.fr\/wp-content\/uploads\/2024\/02\/Restaurant-U-campanile-O-Vivario-300x196.jpg 300w\" sizes=\"(max-width: 474px) 100vw, 474px\" \/>\t\t\t\t\t\t\t\t<\/a>\n\t\t\t\t\t\t\t\t\t\t\t<figcaption class=\"widget-image-caption wp-caption-text\">Restaurant Campanile in Vivario<\/figcaption>\n\t\t\t\t\t\t\t\t\t\t<\/figure>\n\t\t\t\t\t\t\t\t\t<\/div>\n\t\t\t\t<\/div>\n\t\t\t\t<\/div>\n\t\t\t\t\t<\/div>\n\t\t\t\t<\/div>\n\t\t\t\t<\/div>\n\t\t","protected":false},"excerpt":{"rendered":"<p>Aktivit\u00e4ten Aktivit\u00e4ten, die Sie nicht verpassen sollten Vivario und Zentralkorsika sind reich an verschiedenen Aktivit\u00e4ten und bieten unvergessliche Abenteuer zwischen majest\u00e4tischen Bergen, dichten W\u00e4ldern und kristallklaren Fl\u00fcssen. Lebensmittelgesch\u00e4ft l&#8217;Affacate, Verkostung von lokalen Produkten in Vivario Spaziergang mit dem Zug Restaurant Campanile in Vivario<\/p>\n","protected":false},"author":1,"featured_media":0,"parent":0,"menu_order":0,"comment_status":"closed","ping_status":"closed","template":"elementor_header_footer","meta":{"_acf_changed":false,"footnotes":""},"class_list":["post-2269","page","type-page","status-publish","hentry"],"acf":[],"yoast_head":"<!-- This site is optimized with the Yoast SEO plugin v27.2 - https:\/\/yoast.com\/product\/yoast-seo-wordpress\/ -->\n<title>Camping Le Soleil Tattone - Aktivit\u00e4ten<\/title>\n<meta name=\"description\" content=\"Entdecken Sie die Aktivit\u00e4ten auf dem Campingplatz Le Soleil auf Korsika f\u00fcr einen unvergesslichen und erholsamen Urlaub in einer au\u00dfergew\u00f6hnlichen Umgebung.\" \/>\n<meta name=\"robots\" content=\"index, follow, max-snippet:-1, max-image-preview:large, max-video-preview:-1\" \/>\n<link rel=\"canonical\" href=\"https:\/\/camping-lesoleil.fr\/de\/aktivitaeten\/\" \/>\n<meta property=\"og:locale\" content=\"de_DE\" \/>\n<meta property=\"og:type\" content=\"article\" \/>\n<meta property=\"og:title\" content=\"Camping Le Soleil Tattone - Aktivit\u00e4ten\" \/>\n<meta property=\"og:description\" content=\"Entdecken Sie die Aktivit\u00e4ten auf dem Campingplatz Le Soleil auf Korsika f\u00fcr einen unvergesslichen und erholsamen Urlaub in einer au\u00dfergew\u00f6hnlichen Umgebung.\" \/>\n<meta property=\"og:url\" content=\"https:\/\/camping-lesoleil.fr\/de\/aktivitaeten\/\" \/>\n<meta property=\"og:site_name\" content=\"Camping le Soleil Tattone Corse\" \/>\n<meta property=\"article:modified_time\" content=\"2024-09-19T07:25:12+00:00\" \/>\n<meta property=\"og:image\" content=\"https:\/\/camping-lesoleil.fr\/wp-content\/uploads\/2024\/02\/Pars-des-tortues-A-CUPULATTA-sur-la-plaine-de-Peri.jpg\" \/>\n<meta name=\"twitter:card\" content=\"summary_large_image\" \/>\n<script type=\"application\/ld+json\" class=\"yoast-schema-graph\">{\"@context\":\"https:\/\/schema.org\",\"@graph\":[{\"@type\":\"WebPage\",\"@id\":\"https:\/\/camping-lesoleil.fr\/de\/aktivitaeten\/\",\"url\":\"https:\/\/camping-lesoleil.fr\/de\/aktivitaeten\/\",\"name\":\"Camping Le Soleil Tattone - Aktivit\u00e4ten\",\"isPartOf\":{\"@id\":\"https:\/\/camping-lesoleil.fr\/#website\"},\"primaryImageOfPage\":{\"@id\":\"https:\/\/camping-lesoleil.fr\/de\/aktivitaeten\/#primaryimage\"},\"image\":{\"@id\":\"https:\/\/camping-lesoleil.fr\/de\/aktivitaeten\/#primaryimage\"},\"thumbnailUrl\":\"https:\/\/camping-lesoleil.fr\/wp-content\/uploads\/2024\/02\/Pars-des-tortues-A-CUPULATTA-sur-la-plaine-de-Peri.jpg\",\"datePublished\":\"2024-02-11T15:11:00+00:00\",\"dateModified\":\"2024-09-19T07:25:12+00:00\",\"description\":\"Entdecken Sie die Aktivit\u00e4ten auf dem Campingplatz Le Soleil auf Korsika f\u00fcr einen unvergesslichen und erholsamen Urlaub in einer au\u00dfergew\u00f6hnlichen Umgebung.\",\"breadcrumb\":{\"@id\":\"https:\/\/camping-lesoleil.fr\/de\/aktivitaeten\/#breadcrumb\"},\"inLanguage\":\"de\",\"potentialAction\":[{\"@type\":\"ReadAction\",\"target\":[\"https:\/\/camping-lesoleil.fr\/de\/aktivitaeten\/\"]}]},{\"@type\":\"ImageObject\",\"inLanguage\":\"de\",\"@id\":\"https:\/\/camping-lesoleil.fr\/de\/aktivitaeten\/#primaryimage\",\"url\":\"https:\/\/camping-lesoleil.fr\/wp-content\/uploads\/2024\/02\/Pars-des-tortues-A-CUPULATTA-sur-la-plaine-de-Peri.jpg\",\"contentUrl\":\"https:\/\/camping-lesoleil.fr\/wp-content\/uploads\/2024\/02\/Pars-des-tortues-A-CUPULATTA-sur-la-plaine-de-Peri.jpg\"},{\"@type\":\"BreadcrumbList\",\"@id\":\"https:\/\/camping-lesoleil.fr\/de\/aktivitaeten\/#breadcrumb\",\"itemListElement\":[{\"@type\":\"ListItem\",\"position\":1,\"name\":\"Accueil\",\"item\":\"https:\/\/camping-lesoleil.fr\/de\/startseite\/\"},{\"@type\":\"ListItem\",\"position\":2,\"name\":\"Aktivit\u00e4ten\"}]},{\"@type\":\"WebSite\",\"@id\":\"https:\/\/camping-lesoleil.fr\/#website\",\"url\":\"https:\/\/camping-lesoleil.fr\/\",\"name\":\"Camping le Soleil Tattone Corse\",\"description\":\"Camping le Soleil Tattone Corse\",\"potentialAction\":[{\"@type\":\"SearchAction\",\"target\":{\"@type\":\"EntryPoint\",\"urlTemplate\":\"https:\/\/camping-lesoleil.fr\/?s={search_term_string}\"},\"query-input\":{\"@type\":\"PropertyValueSpecification\",\"valueRequired\":true,\"valueName\":\"search_term_string\"}}],\"inLanguage\":\"de\"}]}<\/script>\n<!-- \/ Yoast SEO plugin. -->","yoast_head_json":{"title":"Camping Le Soleil Tattone - Aktivit\u00e4ten","description":"Entdecken Sie die Aktivit\u00e4ten auf dem Campingplatz Le Soleil auf Korsika f\u00fcr einen unvergesslichen und erholsamen Urlaub in einer au\u00dfergew\u00f6hnlichen Umgebung.","robots":{"index":"index","follow":"follow","max-snippet":"max-snippet:-1","max-image-preview":"max-image-preview:large","max-video-preview":"max-video-preview:-1"},"canonical":"https:\/\/camping-lesoleil.fr\/de\/aktivitaeten\/","og_locale":"de_DE","og_type":"article","og_title":"Camping Le Soleil Tattone - Aktivit\u00e4ten","og_description":"Entdecken Sie die Aktivit\u00e4ten auf dem Campingplatz Le Soleil auf Korsika f\u00fcr einen unvergesslichen und erholsamen Urlaub in einer au\u00dfergew\u00f6hnlichen Umgebung.","og_url":"https:\/\/camping-lesoleil.fr\/de\/aktivitaeten\/","og_site_name":"Camping le Soleil Tattone Corse","article_modified_time":"2024-09-19T07:25:12+00:00","og_image":[{"url":"https:\/\/camping-lesoleil.fr\/wp-content\/uploads\/2024\/02\/Pars-des-tortues-A-CUPULATTA-sur-la-plaine-de-Peri.jpg","type":"","width":"","height":""}],"twitter_card":"summary_large_image","schema":{"@context":"https:\/\/schema.org","@graph":[{"@type":"WebPage","@id":"https:\/\/camping-lesoleil.fr\/de\/aktivitaeten\/","url":"https:\/\/camping-lesoleil.fr\/de\/aktivitaeten\/","name":"Camping Le Soleil Tattone - Aktivit\u00e4ten","isPartOf":{"@id":"https:\/\/camping-lesoleil.fr\/#website"},"primaryImageOfPage":{"@id":"https:\/\/camping-lesoleil.fr\/de\/aktivitaeten\/#primaryimage"},"image":{"@id":"https:\/\/camping-lesoleil.fr\/de\/aktivitaeten\/#primaryimage"},"thumbnailUrl":"https:\/\/camping-lesoleil.fr\/wp-content\/uploads\/2024\/02\/Pars-des-tortues-A-CUPULATTA-sur-la-plaine-de-Peri.jpg","datePublished":"2024-02-11T15:11:00+00:00","dateModified":"2024-09-19T07:25:12+00:00","description":"Entdecken Sie die Aktivit\u00e4ten auf dem Campingplatz Le Soleil auf Korsika f\u00fcr einen unvergesslichen und erholsamen Urlaub in einer au\u00dfergew\u00f6hnlichen Umgebung.","breadcrumb":{"@id":"https:\/\/camping-lesoleil.fr\/de\/aktivitaeten\/#breadcrumb"},"inLanguage":"de","potentialAction":[{"@type":"ReadAction","target":["https:\/\/camping-lesoleil.fr\/de\/aktivitaeten\/"]}]},{"@type":"ImageObject","inLanguage":"de","@id":"https:\/\/camping-lesoleil.fr\/de\/aktivitaeten\/#primaryimage","url":"https:\/\/camping-lesoleil.fr\/wp-content\/uploads\/2024\/02\/Pars-des-tortues-A-CUPULATTA-sur-la-plaine-de-Peri.jpg","contentUrl":"https:\/\/camping-lesoleil.fr\/wp-content\/uploads\/2024\/02\/Pars-des-tortues-A-CUPULATTA-sur-la-plaine-de-Peri.jpg"},{"@type":"BreadcrumbList","@id":"https:\/\/camping-lesoleil.fr\/de\/aktivitaeten\/#breadcrumb","itemListElement":[{"@type":"ListItem","position":1,"name":"Accueil","item":"https:\/\/camping-lesoleil.fr\/de\/startseite\/"},{"@type":"ListItem","position":2,"name":"Aktivit\u00e4ten"}]},{"@type":"WebSite","@id":"https:\/\/camping-lesoleil.fr\/#website","url":"https:\/\/camping-lesoleil.fr\/","name":"Camping le Soleil Tattone Corse","description":"Camping le Soleil Tattone Corse","potentialAction":[{"@type":"SearchAction","target":{"@type":"EntryPoint","urlTemplate":"https:\/\/camping-lesoleil.fr\/?s={search_term_string}"},"query-input":{"@type":"PropertyValueSpecification","valueRequired":true,"valueName":"search_term_string"}}],"inLanguage":"de"}]}},"_links":{"self":[{"href":"https:\/\/camping-lesoleil.fr\/de\/wp-json\/wp\/v2\/pages\/2269","targetHints":{"allow":["GET"]}}],"collection":[{"href":"https:\/\/camping-lesoleil.fr\/de\/wp-json\/wp\/v2\/pages"}],"about":[{"href":"https:\/\/camping-lesoleil.fr\/de\/wp-json\/wp\/v2\/types\/page"}],"author":[{"embeddable":true,"href":"https:\/\/camping-lesoleil.fr\/de\/wp-json\/wp\/v2\/users\/1"}],"replies":[{"embeddable":true,"href":"https:\/\/camping-lesoleil.fr\/de\/wp-json\/wp\/v2\/comments?post=2269"}],"version-history":[{"count":5,"href":"https:\/\/camping-lesoleil.fr\/de\/wp-json\/wp\/v2\/pages\/2269\/revisions"}],"predecessor-version":[{"id":2865,"href":"https:\/\/camping-lesoleil.fr\/de\/wp-json\/wp\/v2\/pages\/2269\/revisions\/2865"}],"wp:attachment":[{"href":"https:\/\/camping-lesoleil.fr\/de\/wp-json\/wp\/v2\/media?parent=2269"}],"curies":[{"name":"wp","href":"https:\/\/api.w.org\/{rel}","templated":true}]}}