{"id":2338,"date":"2024-02-12T22:21:36","date_gmt":"2024-02-12T21:21:36","guid":{"rendered":"https:\/\/camping-lesoleil.fr\/rechtliche-hinweise\/"},"modified":"2024-03-01T16:44:06","modified_gmt":"2024-03-01T15:44:06","slug":"rechtliche-hinweise","status":"publish","type":"page","link":"https:\/\/camping-lesoleil.fr\/de\/rechtliche-hinweise\/","title":{"rendered":"Rechtliche Hinweise"},"content":{"rendered":"\t\t<div data-elementor-type=\"wp-page\" data-elementor-id=\"2338\" class=\"elementor elementor-2338 elementor-1071\" data-elementor-post-type=\"page\">\n\t\t\t\t<div class=\"elementor-element elementor-element-2b7a1f0 e-flex e-con-boxed e-con e-parent\" data-id=\"2b7a1f0\" data-element_type=\"container\" data-e-type=\"container\" data-settings=\"{&quot;jet_parallax_layout_list&quot;:[]}\">\n\t\t\t\t\t<div class=\"e-con-inner\">\n\t\t\t\t<div class=\"elementor-element elementor-element-7cd8e1d elementor-widget elementor-widget-text-editor\" data-id=\"7cd8e1d\" data-element_type=\"widget\" data-e-type=\"widget\" data-widget_type=\"text-editor.default\">\n\t\t\t\t<div class=\"elementor-widget-container\">\n\t\t\t\t\t\t\t\t\t<p>Gem\u00e4\u00df den Bestimmungen der Artikel 6-III und 19 des Gesetzes Nr. 2004-575 vom 21. Juni 2004 \u00fcber das Vertrauen in die digitale Wirtschaft, auch L.C.E.N. genannt, werden die Nutzer und Besucher der Website camping-lesoleil.fr , im Folgenden die &#8222;Website&#8220; genannt, auf die vorliegenden rechtlichen Hinweise hingewiesen.<\/p>\n<p>Die Verbindung und Navigation auf der Website durch den Nutzer setzt die vollst\u00e4ndige und vorbehaltlose Annahme der vorliegenden rechtlichen Hinweise voraus.<\/p>\n<p>Diese sind auf der Website unter der Rubrik &#8222;Rechtliche Hinweise&#8220; zug\u00e4nglich.<\/p>\n<p>ARTIKEL 1 &#8211; DER HERAUSGEBER<\/p>\n<p>Die Herausgabe der Website erfolgt durch Herv\u00e9 Marietti, siret 44062250400015<span style=\"text-align: var(--text-align); font-size: 1rem;\"> mit Sitz in HAM TATTONE 20219 VIVARIO<\/span>,<\/p>\n<p>E-Mail-Adresse: camping-lesoleil@orange.fr<\/p>\n<p>Umsatzsteuer-Identifikationsnummer: FR24440622504<\/p>\n<p>Der Leiter der Ver\u00f6ffentlichung ist Herv\u00e9 Marietti<\/p>\n<p>im Folgenden der &#8222;Herausgeber&#8220;.<\/p>\n<p>ARTIKEL 2 &#8211; DER HOSTER<\/p>\n<p>Infomaniak Network SA<\/p>\n<p>Stra\u00dfe Eug\u00e8ne Marziano 25<\/p>\n<p>1227 Les Acacias (GE)<\/p>\n<p>ARTIKEL 3 &#8211; ZUGRIFF AUF DIE WEBSITE<\/p>\n<p>Die Website ist an jedem Ort, 7 Tage die Woche, 24 Stunden am Tag zug\u00e4nglich, au\u00dfer im Falle h\u00f6herer Gewalt, geplanter oder ungeplanter Unterbrechungen und m\u00f6glicherweise aufgrund von Wartungsarbeiten.<\/p>\n<\/p>\n<p>Im Falle einer \u00c4nderung, Unterbrechung oder Aussetzung der Website kann der Herausgeber nicht haftbar gemacht werden.<\/p>\n<p>ARTIKEL 4 &#8211; DATENERHEBUNG<\/p>\n<\/p>\n<p>Die Website sichert dem Nutzer eine Sammlung und Verarbeitung pers\u00f6nlicher Informationen unter Wahrung der Privatsph\u00e4re gem\u00e4\u00df dem Gesetz Nr. 78-17 vom 6. Januar 1978 \u00fcber Informatik, Dateien und Freiheitsrechte zu.<\/p>\n<\/p>\n<p>Gem\u00e4\u00df dem Gesetz \u00fcber Informatik und Freiheiten vom 6. Januar 1978 hat der Nutzer das Recht, auf seine pers\u00f6nlichen Daten zuzugreifen, sie zu berichtigen, zu l\u00f6schen und ihnen zu widersprechen. Der Nutzer \u00fcbt dieses Recht aus:<\/p>\n<p>per E-Mail an die E-Mail-Adresse <span class=\"elementor-icon-list-text\">camping-lesoleil@orange.fr<\/span><br \/>\u00fcber ihren pers\u00f6nlichen Bereich ;<\/p>\n<\/p>\n<p>Jede Nutzung, Vervielf\u00e4ltigung, Verbreitung, Vermarktung, \u00c4nderung der gesamten oder eines Teils der Website ohne Genehmigung des Herausgebers ist verboten und kann zu rechtlichen Ma\u00dfnahmen und Verfolgungen f\u00fchren, wie sie insbesondere im Gesetzbuch \u00fcber geistiges Eigentum und im Zivilgesetzbuch vorgesehen sind.<\/p>\n\t\t\t\t\t\t\t\t<\/div>\n\t\t\t\t<\/div>\n\t\t\t\t\t<\/div>\n\t\t\t\t<\/div>\n\t\t\t\t<\/div>\n\t\t","protected":false},"excerpt":{"rendered":"<p>Gem\u00e4\u00df den Bestimmungen der Artikel 6-III und 19 des Gesetzes Nr. 2004-575 vom 21. Juni 2004 \u00fcber das Vertrauen in die digitale Wirtschaft, auch L.C.E.N. genannt, werden die Nutzer und Besucher der Website camping-lesoleil.fr , im Folgenden die &#8222;Website&#8220; genannt, auf die vorliegenden rechtlichen Hinweise hingewiesen. Die Verbindung und Navigation auf der Website durch den [&hellip;]<\/p>\n","protected":false},"author":1,"featured_media":0,"parent":0,"menu_order":0,"comment_status":"closed","ping_status":"closed","template":"","meta":{"_acf_changed":false,"footnotes":""},"class_list":["post-2338","page","type-page","status-publish","hentry"],"acf":[],"yoast_head":"<!-- This site is optimized with the Yoast SEO plugin v27.2 - https:\/\/yoast.com\/product\/yoast-seo-wordpress\/ -->\n<title>Rechtliche Hinweise - Camping le Soleil Tattone Corse<\/title>\n<meta name=\"robots\" content=\"index, follow, max-snippet:-1, max-image-preview:large, max-video-preview:-1\" \/>\n<link rel=\"canonical\" href=\"https:\/\/camping-lesoleil.fr\/mentions-legales\/\" \/>\n<meta property=\"og:locale\" content=\"de_DE\" \/>\n<meta property=\"og:type\" content=\"article\" \/>\n<meta property=\"og:title\" content=\"Rechtliche Hinweise - Camping le Soleil Tattone Corse\" \/>\n<meta property=\"og:description\" content=\"Gem\u00e4\u00df den Bestimmungen der Artikel 6-III und 19 des Gesetzes Nr. 2004-575 vom 21. Juni 2004 \u00fcber das Vertrauen in die digitale Wirtschaft, auch L.C.E.N. genannt, werden die Nutzer und Besucher der Website camping-lesoleil.fr , im Folgenden die &#8222;Website&#8220; genannt, auf die vorliegenden rechtlichen Hinweise hingewiesen. Die Verbindung und Navigation auf der Website durch den [&hellip;]\" \/>\n<meta property=\"og:url\" content=\"https:\/\/camping-lesoleil.fr\/mentions-legales\/\" \/>\n<meta property=\"og:site_name\" content=\"Camping le Soleil Tattone Corse\" \/>\n<meta property=\"article:modified_time\" content=\"2024-03-01T15:44:06+00:00\" \/>\n<meta name=\"twitter:card\" content=\"summary_large_image\" \/>\n<meta name=\"twitter:label1\" content=\"Gesch\u00e4tzte Lesezeit\" \/>\n\t<meta name=\"twitter:data1\" content=\"2\u00a0Minuten\" \/>\n<script type=\"application\/ld+json\" class=\"yoast-schema-graph\">{\"@context\":\"https:\/\/schema.org\",\"@graph\":[{\"@type\":\"WebPage\",\"@id\":\"https:\/\/camping-lesoleil.fr\/mentions-legales\/\",\"url\":\"https:\/\/camping-lesoleil.fr\/mentions-legales\/\",\"name\":\"Rechtliche Hinweise - Camping le Soleil Tattone Corse\",\"isPartOf\":{\"@id\":\"https:\/\/camping-lesoleil.fr\/#website\"},\"datePublished\":\"2024-02-12T21:21:36+00:00\",\"dateModified\":\"2024-03-01T15:44:06+00:00\",\"breadcrumb\":{\"@id\":\"https:\/\/camping-lesoleil.fr\/mentions-legales\/#breadcrumb\"},\"inLanguage\":\"de\",\"potentialAction\":[{\"@type\":\"ReadAction\",\"target\":[\"https:\/\/camping-lesoleil.fr\/mentions-legales\/\"]}]},{\"@type\":\"BreadcrumbList\",\"@id\":\"https:\/\/camping-lesoleil.fr\/mentions-legales\/#breadcrumb\",\"itemListElement\":[{\"@type\":\"ListItem\",\"position\":1,\"name\":\"Accueil\",\"item\":\"https:\/\/camping-lesoleil.fr\/de\/startseite\/\"},{\"@type\":\"ListItem\",\"position\":2,\"name\":\"Rechtliche Hinweise\"}]},{\"@type\":\"WebSite\",\"@id\":\"https:\/\/camping-lesoleil.fr\/#website\",\"url\":\"https:\/\/camping-lesoleil.fr\/\",\"name\":\"Camping le Soleil Tattone Corse\",\"description\":\"Camping le Soleil Tattone Corse\",\"potentialAction\":[{\"@type\":\"SearchAction\",\"target\":{\"@type\":\"EntryPoint\",\"urlTemplate\":\"https:\/\/camping-lesoleil.fr\/?s={search_term_string}\"},\"query-input\":{\"@type\":\"PropertyValueSpecification\",\"valueRequired\":true,\"valueName\":\"search_term_string\"}}],\"inLanguage\":\"de\"}]}<\/script>\n<!-- \/ Yoast SEO plugin. -->","yoast_head_json":{"title":"Rechtliche Hinweise - Camping le Soleil Tattone Corse","robots":{"index":"index","follow":"follow","max-snippet":"max-snippet:-1","max-image-preview":"max-image-preview:large","max-video-preview":"max-video-preview:-1"},"canonical":"https:\/\/camping-lesoleil.fr\/mentions-legales\/","og_locale":"de_DE","og_type":"article","og_title":"Rechtliche Hinweise - Camping le Soleil Tattone Corse","og_description":"Gem\u00e4\u00df den Bestimmungen der Artikel 6-III und 19 des Gesetzes Nr. 2004-575 vom 21. Juni 2004 \u00fcber das Vertrauen in die digitale Wirtschaft, auch L.C.E.N. genannt, werden die Nutzer und Besucher der Website camping-lesoleil.fr , im Folgenden die &#8222;Website&#8220; genannt, auf die vorliegenden rechtlichen Hinweise hingewiesen. Die Verbindung und Navigation auf der Website durch den [&hellip;]","og_url":"https:\/\/camping-lesoleil.fr\/mentions-legales\/","og_site_name":"Camping le Soleil Tattone Corse","article_modified_time":"2024-03-01T15:44:06+00:00","twitter_card":"summary_large_image","twitter_misc":{"Gesch\u00e4tzte Lesezeit":"2\u00a0Minuten"},"schema":{"@context":"https:\/\/schema.org","@graph":[{"@type":"WebPage","@id":"https:\/\/camping-lesoleil.fr\/mentions-legales\/","url":"https:\/\/camping-lesoleil.fr\/mentions-legales\/","name":"Rechtliche Hinweise - Camping le Soleil Tattone Corse","isPartOf":{"@id":"https:\/\/camping-lesoleil.fr\/#website"},"datePublished":"2024-02-12T21:21:36+00:00","dateModified":"2024-03-01T15:44:06+00:00","breadcrumb":{"@id":"https:\/\/camping-lesoleil.fr\/mentions-legales\/#breadcrumb"},"inLanguage":"de","potentialAction":[{"@type":"ReadAction","target":["https:\/\/camping-lesoleil.fr\/mentions-legales\/"]}]},{"@type":"BreadcrumbList","@id":"https:\/\/camping-lesoleil.fr\/mentions-legales\/#breadcrumb","itemListElement":[{"@type":"ListItem","position":1,"name":"Accueil","item":"https:\/\/camping-lesoleil.fr\/de\/startseite\/"},{"@type":"ListItem","position":2,"name":"Rechtliche Hinweise"}]},{"@type":"WebSite","@id":"https:\/\/camping-lesoleil.fr\/#website","url":"https:\/\/camping-lesoleil.fr\/","name":"Camping le Soleil Tattone Corse","description":"Camping le Soleil Tattone Corse","potentialAction":[{"@type":"SearchAction","target":{"@type":"EntryPoint","urlTemplate":"https:\/\/camping-lesoleil.fr\/?s={search_term_string}"},"query-input":{"@type":"PropertyValueSpecification","valueRequired":true,"valueName":"search_term_string"}}],"inLanguage":"de"}]}},"_links":{"self":[{"href":"https:\/\/camping-lesoleil.fr\/de\/wp-json\/wp\/v2\/pages\/2338","targetHints":{"allow":["GET"]}}],"collection":[{"href":"https:\/\/camping-lesoleil.fr\/de\/wp-json\/wp\/v2\/pages"}],"about":[{"href":"https:\/\/camping-lesoleil.fr\/de\/wp-json\/wp\/v2\/types\/page"}],"author":[{"embeddable":true,"href":"https:\/\/camping-lesoleil.fr\/de\/wp-json\/wp\/v2\/users\/1"}],"replies":[{"embeddable":true,"href":"https:\/\/camping-lesoleil.fr\/de\/wp-json\/wp\/v2\/comments?post=2338"}],"version-history":[{"count":2,"href":"https:\/\/camping-lesoleil.fr\/de\/wp-json\/wp\/v2\/pages\/2338\/revisions"}],"predecessor-version":[{"id":2349,"href":"https:\/\/camping-lesoleil.fr\/de\/wp-json\/wp\/v2\/pages\/2338\/revisions\/2349"}],"wp:attachment":[{"href":"https:\/\/camping-lesoleil.fr\/de\/wp-json\/wp\/v2\/media?parent=2338"}],"curies":[{"name":"wp","href":"https:\/\/api.w.org\/{rel}","templated":true}]}}