{"id":2365,"date":"2024-02-12T22:26:02","date_gmt":"2024-02-12T21:26:02","guid":{"rendered":"https:\/\/camping-lesoleil.fr\/datenschutzrichtlinie\/"},"modified":"2024-09-19T10:19:08","modified_gmt":"2024-09-19T08:19:08","slug":"datenschutzrichtlinie","status":"publish","type":"page","link":"https:\/\/camping-lesoleil.fr\/de\/datenschutzrichtlinie\/","title":{"rendered":"Datenschutzrichtlinie"},"content":{"rendered":"\t\t<div data-elementor-type=\"wp-page\" data-elementor-id=\"2365\" class=\"elementor elementor-2365 elementor-1079\" data-elementor-post-type=\"page\">\n\t\t\t\t<div class=\"elementor-element elementor-element-2b7a1f0 e-flex e-con-boxed e-con e-parent\" data-id=\"2b7a1f0\" data-element_type=\"container\" data-e-type=\"container\" data-settings=\"{&quot;jet_parallax_layout_list&quot;:[]}\">\n\t\t\t\t\t<div class=\"e-con-inner\">\n\t\t\t\t<div class=\"elementor-element elementor-element-7cd8e1d elementor-widget elementor-widget-text-editor\" data-id=\"7cd8e1d\" data-element_type=\"widget\" data-e-type=\"widget\" data-widget_type=\"text-editor.default\">\n\t\t\t\t<div class=\"elementor-widget-container\">\n\t\t\t\t\t\t\t\t\t<p>Datenschutzrichtlinie<\/p>\n<p>ARTIKEL 1: PR\u00c4AMBEL<\/p>\n<p>Zweck dieser Datenschutzrichtlinie ist es, die Nutzer der Website :<\/p>\n<p>\u00dcber die Art und Weise, wie ihre pers\u00f6nlichen Daten gesammelt werden. Als personenbezogene Daten gelten alle Informationen, mit denen ein Nutzer identifiziert werden kann. <br>\u00dcber die Rechte, die sie in Bezug auf diese Daten haben;<br>\u00dcber die Person, die f\u00fcr die Verarbeitung der gesammelten und verarbeiteten personenbezogenen Daten verantwortlich ist;<br>\u00dcber die Empf\u00e4nger dieser personenbezogenen Daten;<br>\u00dcber die Cookie-Politik der Website.<\/p>\n<p>Diese Richtlinie erg\u00e4nzt die rechtlichen Hinweise und die Allgemeinen Nutzungsbedingungen, die von den Nutzern unter der folgenden Adresse eingesehen werden k\u00f6nnen:<\/p>\n<p>ARTIKEL 2: GRUNDS\u00c4TZE F\u00dcR DIE ERHEBUNG UND VERARBEITUNG PERSONENBEZOGENER DATEN<\/p>\n<p>Gem\u00e4\u00df Artikel 5 der Europ\u00e4ischen Verordnung 2016\/679 sind die personenbezogenen Daten :<\/p>\n<p>Rechtm\u00e4\u00dfig, fair und transparent f\u00fcr die betroffene Person verarbeitet;<br>F\u00fcr festgelegte (siehe Artikel 3.1 dieser Bedingungen), ausdr\u00fcckliche und rechtm\u00e4\u00dfige Zwecke gesammelt und nicht in einer mit diesen Zwecken unvereinbaren Weise weiterverarbeitet;<br>Angemessen, relevant und auf das f\u00fcr die Zwecke, f\u00fcr die sie verarbeitet werden, notwendige Ma\u00df beschr\u00e4nkt;<br>Genau und, wenn n\u00f6tig, auf dem neuesten Stand gehalten.\nEs m\u00fcssen alle angemessenen Ma\u00dfnahmen ergriffen werden, um sicherzustellen, dass personenbezogene Daten, die im Hinblick auf die Zwecke, f\u00fcr die sie verarbeitet werden, unrichtig sind, unverz\u00fcglich gel\u00f6scht oder berichtigt werden;<br>In einer Form aufbewahrt werden, die die Identifizierung der betroffenen Personen erm\u00f6glicht, und zwar nicht l\u00e4nger, als es f\u00fcr die Zwecke, f\u00fcr die sie verarbeitet werden, erforderlich ist;<br>so verarbeitet werden, dass eine angemessene Sicherheit der gesammelten Daten gew\u00e4hrleistet ist, einschlie\u00dflich des Schutzes vor unbefugter oder unrechtm\u00e4\u00dfiger Verarbeitung und vor Verlust, Zerst\u00f6rung oder unbeabsichtigter Besch\u00e4digung durch geeignete technische oder organisatorische Ma\u00dfnahmen. <\/p>\n<p>Die Verarbeitung ist nur dann rechtm\u00e4\u00dfig, wenn und soweit mindestens eine der folgenden Bedingungen erf\u00fcllt ist:<\/p>\n<p>Die betroffene Person hat der Verarbeitung ihrer personenbezogenen Daten f\u00fcr einen oder mehrere bestimmte Zwecke zugestimmt ;<br>Die Verarbeitung ist f\u00fcr die Erf\u00fcllung eines Vertrags, dessen Vertragspartei die betroffene Person ist, oder f\u00fcr die Durchf\u00fchrung vorvertraglicher Ma\u00dfnahmen erforderlich, die auf Antrag der betroffenen Person ergriffen werden ;<br>Die Verarbeitung ist notwendig, um einer rechtlichen Verpflichtung nachzukommen, der der f\u00fcr die Verarbeitung Verantwortliche unterliegt ;<br>Die Verarbeitung ist notwendig, um die lebenswichtigen Interessen der betroffenen Person oder einer anderen nat\u00fcrlichen Person zu wahren ;<br>Die Verarbeitung ist f\u00fcr die Wahrnehmung einer Aufgabe erforderlich, die im \u00f6ffentlichen Interesse liegt oder in Aus\u00fcbung \u00f6ffentlicher Gewalt erfolgt, die dem f\u00fcr die Verarbeitung Verantwortlichen \u00fcbertragen wurde ;<br>Die Verarbeitung ist f\u00fcr die Zwecke der berechtigten Interessen erforderlich, die von dem f\u00fcr die Verarbeitung Verantwortlichen oder einem Dritten verfolgt werden, sofern nicht die Interessen oder die Grundrechte und Grundfreiheiten der betroffenen Person, die den Schutz personenbezogener Daten erfordern, \u00fcberwiegen, insbesondere dann, wenn es sich bei der betroffenen Person um ein Kind handelt.<\/p>\n<p>ARTIKEL 3: PERSONENBEZOGENE DATEN, DIE IM RAHMEN DER NAVIGATION AUF DER WEBSITE GESAMMELT UND VERARBEITET WERDEN<\/p>\n<p>Artikel 3.1: Gesammelte Daten<\/p>\n<p>Artikel 6.1. a) der DSGVO Die betroffene Person hat der Verarbeitung ihrer Daten f\u00fcr einen oder mehrere bestimmte Zwecke zugestimmt.<\/p>\n<p>Artikel 6 1. b) der DSGVO Die Verarbeitung ist f\u00fcr die Erf\u00fcllung eines Vertrags, dessen Vertragspartei die betroffene Person ist, oder f\u00fcr die Durchf\u00fchrung vorvertraglicher Ma\u00dfnahmen erforderlich, die auf Antrag der betroffenen Person erfolgen.<\/p>\n<p>Artikel 6. 1 c) DSGVO Die Verarbeitung ist notwendig, um einer Verpflichtung nachzukommen, der der Verantwortliche unterliegt (insbesondere Artikel L. 123-22 des Handelsgesetzbuchs, Artikel L34-1 des Gesetzes \u00fcber Post und elektronische Kommunikation).<\/p>\n<p>Artikel 6. 1. f) DSGVO Die Verarbeitung ist f\u00fcr die legitimen Interessen von Camping le soleil erforderlich, um die Kenntnisse \u00fcber seine Nutzer zu verbessern und um eine verbesserte Nutzererfahrung zu bieten.<\/p>\n<p>Identit\u00e4tsdaten und eigene Kontaktdaten der Klientinnen und Klienten<\/p>\n<p>Diese Erhebung dient folgenden Zwecken:<\/p>\n<p>Einrichtung des Kundenkontos. Artikel 6 1. a,b,c<br>Verwaltung und Bearbeitung der Bestellung zur Weiterleitung an den Lieferdienst. Artikel 6 1. b)<br>Monitoring der Kundenbeziehung. Artikel 6 1 . a,b,c<br>Um Rechnungen zu erstellen. Artikel 6 1. .\na,b,c<br>Offres commerciales, si le client ou propri\u00e9taire du compte client a donn\u00e9 son accord via le un optin.  Artikel 6.1. . a,b,c<\/p>\n<p>Die Zahlungsdaten<\/p>\n<p>Diese Erhebung dient folgenden Zwecken:<\/p>\n<p>Verwaltung und Bearbeitung der Zahlung der Bestellung (Auftragserteilung, Abbuchungen, eventuelle R\u00fcckerstattung an den Kunden). Artikel 6 1. b)<\/p>\n<p>Nutzungsdaten einschlie\u00dflich Cookies<\/p>\n<p>Erstellung von Publikums- und Nutzungsstatistiken. Anzahl der Nutzer, Quelle usw. Artikel 6.1. .\na,f<br>Retargeting, marketing.  Artikel 6.1. .\na,f<br>Am\u00e9lioration du site et exp\u00e9rience utilisateur.  Artikel 6.1. . a,f<\/p>\n<p>Artikel 3.2: Art der Datenerhebung<\/p>\n<p>Personenbezogene Daten werden gesammelt, wenn Sie die folgenden Vorg\u00e4nge auf der Plattform durchf\u00fchren, wenn Sie dies \u00fcber das Cookie-Sammel-Tool akzeptieren:<\/p>\n<p>Facebook Pixel: Erm\u00f6glicht es, die Aktionen des Besuchers auf der Webseite zu verfolgen und zu sehen, ob es zu Konversionen kommt.<\/p>\n<p>Google Analytics: Google Analytics ist f\u00fcr die Verwaltung unserer Website unerl\u00e4sslich und erm\u00f6glicht uns, Indikatoren wie den Datenverkehr, die am h\u00e4ufigsten aufgerufenen Produkte oder die geografische Verteilung der Besucher zu messen.<\/p>\n<p>Facebook Conversion Tracking: Verfolgt die Aktionen der Besucher auf der Webseite, um zu sehen, ob sie K\u00e4ufe t\u00e4tigen oder andere Aktionen durchf\u00fchren, die mit der Webseite, auf der sie sich befinden, in Verbindung stehen.<\/p>\n<p>Facebook Custom Audiences: Erstelle eine personalisierte Zielgruppe von Nutzern, die deine Webseite besucht oder bestimmte Aktionen auf deiner Webseite durchgef\u00fchrt haben, um sie mit personalisierten Werbeanzeigen zu erreichen.<\/p>\n<p>Instagram: Erm\u00f6glicht es, die Aktionen des Besuchers auf der Website zu verfolgen und zu sehen, ob es zu Konversionen kommt.<\/p>\n<p>Sie werden von dem f\u00fcr die Verarbeitung Verantwortlichen unter angemessenen Sicherheitsbedingungen f\u00fcr eine Dauer von : 24 Monate<\/p>\n<p>Das Unternehmen kann bestimmte personenbezogene Daten \u00fcber die oben genannten Fristen hinaus aufbewahren, um seine gesetzlichen oder beh\u00f6rdlichen Verpflichtungen zu erf\u00fcllen.<\/p>\n<p>Artikel 3.3: Hosting der Daten<\/p>\n<p>Die Website wird gehostet von :<\/p>\n<p>Infomaniak Network SA<\/p>\n<p>Stra\u00dfe Eug\u00e8ne Marziano 25<\/p>\n<p>1227 Les Acacias (GE)<\/p>\n<p>Artikel 3.4: Weitergabe an ein Drittunternehmen<\/p>\n<p>Die Daten f\u00fcr die Buchung eines Chalets werden an eine Channelmanager-L\u00f6sung &#8222;Smoobu&#8220; weitergeleitet.<\/p>\n<p>Artikel 3.5: &#8222;Cookie&#8220;-Richtlinie<\/p>\n<p>Die Website sichert dem Nutzer eine Sammlung und Verarbeitung pers\u00f6nlicher Informationen unter Wahrung der Privatsph\u00e4re gem\u00e4\u00df dem Gesetz Nr. 78-17 vom 6. Januar 1978 \u00fcber Informatik, Dateien und Freiheitsrechte zu.<\/p>\n<p>Gem\u00e4\u00df dem Gesetz \u00fcber Informatik und Freiheiten vom 6. Januar 1978 hat der Nutzer das Recht, auf seine pers\u00f6nlichen Daten zuzugreifen, sie zu berichtigen, zu l\u00f6schen und ihnen zu widersprechen. Der Nutzer \u00fcbt dieses Recht aus:<\/p>\n<p>per E-Mail an die E-Mail-Adresse camping-lesoleil@orange.fr<\/p>\n<p>\u00fcber ihren pers\u00f6nlichen Bereich ;<\/p>\n<p>Jede Nutzung, Vervielf\u00e4ltigung, Verbreitung, Vermarktung, \u00c4nderung der gesamten oder eines Teils der Website ohne Genehmigung des Herausgebers ist verboten und kann zu rechtlichen Ma\u00dfnahmen und Verfolgungen f\u00fchren, wie sie insbesondere im Gesetzbuch \u00fcber geistiges Eigentum und im Zivilgesetzbuch vorgesehen sind.<\/p>\n<p>Weitere Informationen finden Sie in den AGB der Website, die Sie unter &#8222;AGB&#8220; finden.<\/p>\n<p>Weitere Informationen finden Sie in den AGB der Website, die unter der Rubrik &#8222;AGB&#8220; zug\u00e4nglich sind.<\/p>\n<p>Weitere Informationen \u00fcber den Schutz personenbezogener Daten finden Sie in der Datenschutzrichtlinie der Website, die Sie unter &#8222;Pers\u00f6nliche Daten&#8220; finden.<\/p>\n<p>ARTIKEL 4: F\u00dcR DIE DATENVERARBEITUNG VERANTWORTLICHER UND DATENSCHUTZBEAUFTRAGTER<\/p>\n<p>Artikel 4.1: Der f\u00fcr die Datenverarbeitung Verantwortliche<\/p>\n<p>Personenbezogene Daten werden gesammelt, Herv\u00e9 Marietti<\/p>\n<p>Der Verantwortliche f\u00fcr die Verarbeitung personenbezogener Daten kann wie folgt kontaktiert werden:<\/p>\n<p>Per E-Mail: camping-lesoleil@orange.fr<\/p>\n<p>Artikel 4.2: Der Datenschutzbeauftragte<\/p>\n<p>Der Datenschutzbeauftragte des Unternehmens oder der verantwortlichen Stelle ist:<br>Herv\u00e9 Marietti<\/p>\n<p>camping-lesoleil@orange.fr<\/p>\n<p>Wenn Sie, nachdem Sie uns kontaktiert haben, der Meinung sind, dass Ihre Rechte im Bereich &#8222;Informatik und Freiheiten&#8220; nicht respektiert werden, k\u00f6nnen Sie eine Meldung an die CNIL richten.<\/p>\n<p>ARTIKEL 5: RECHTE DES NUTZERS IN BEZUG AUF DIE SAMMLUNG UND VERARBEITUNG VON DATEN<\/p>\n<p>Jeder Nutzer, der von der Verarbeitung seiner personenbezogenen Daten betroffen ist, kann sich gem\u00e4\u00df der EU-Verordnung 2016\/679 und dem franz\u00f6sischen Datenschutzgesetz (Loi 78-17 du 6 janvier 1978) auf die folgenden Rechte berufen:<\/p>\n<p>Recht auf Zugang, Berichtigung und L\u00f6schung von Daten (jeweils in Artikel 15, 16 und 17 der DSGVO festgelegt) ;<\/p>\n<p>Recht auf Daten\u00fcbertragbarkeit (Artikel 20 DSGVO) ;<\/p>\n<p>Recht auf Einschr\u00e4nkung (Art. 18 DSGVO) und Widerspruch gegen die Datenverarbeitung (Art. 21 DSGVO) ;<\/p>\n<p>Recht, nicht Gegenstand einer Entscheidung zu sein, die ausschlie\u00dflich auf einem automatisierten Verfahren beruht ;<\/p>\n<p>Recht, den Verbleib von Daten nach dem Tod zu bestimmen ;<\/p>\n<p>Recht auf Beschwerde bei der zust\u00e4ndigen Aufsichtsbeh\u00f6rde (Artikel 77 DSGVO).<\/p>\n<p>Um Ihre Rechte auszu\u00fcben, senden Sie bitte eine E-Mail an camping-lesoleil@orange.fr.<\/p>\n<p>Damit der f\u00fcr die Datenverarbeitung Verantwortliche seinem Antrag stattgeben kann, kann der Nutzer aufgefordert werden, ihm bestimmte Informationen mitzuteilen, wie z. B.: seinen Vor- und Nachnamen, seine E-Mail-Adresse sowie seine Konto-, pers\u00f6nliche Raum- oder Abonnentennummer.<\/p>\n<p>Auf der Website cnil.de finden Sie weitere Informationen \u00fcber Ihre Rechte.<\/p>\n<p>ARTIKEL 6: BEDINGUNGEN F\u00dcR DIE \u00c4NDERUNG DER DATENSCHUTZRICHTLINIE<\/p>\n<p>Der Herausgeber der Website beh\u00e4lt sich das Recht vor, diese Richtlinie jederzeit zu \u00e4ndern, um sicherzustellen, dass die Nutzer der Website mit dem geltenden Recht \u00fcbereinstimmen.<\/p>\n<p>Diese unterliegen weiterhin den zum Zeitpunkt des Kaufs g\u00fcltigen Richtlinien, die der Nutzer bei der Best\u00e4tigung des Kaufs akzeptiert hat.<\/p>\n<p>Der Nutzer wird gebeten, diese Richtlinie bei jeder Nutzung unserer Dienste zur Kenntnis zu nehmen, ohne dass er formell darauf hingewiesen werden muss.<\/p>\t\t\t\t\t\t\t\t<\/div>\n\t\t\t\t<\/div>\n\t\t\t\t\t<\/div>\n\t\t\t\t<\/div>\n\t\t\t\t<\/div>\n\t\t","protected":false},"excerpt":{"rendered":"<p>Datenschutzrichtlinie ARTIKEL 1: PR\u00c4AMBEL Zweck dieser Datenschutzrichtlinie ist es, die Nutzer der Website : \u00dcber die Art und Weise, wie ihre pers\u00f6nlichen Daten gesammelt werden. Als personenbezogene Daten gelten alle Informationen, mit denen ein Nutzer identifiziert werden kann. \u00dcber die Rechte, die sie in Bezug auf diese Daten haben;\u00dcber die Person, die f\u00fcr die Verarbeitung [&hellip;]<\/p>\n","protected":false},"author":1,"featured_media":0,"parent":0,"menu_order":0,"comment_status":"closed","ping_status":"closed","template":"","meta":{"_acf_changed":false,"footnotes":""},"class_list":["post-2365","page","type-page","status-publish","hentry"],"acf":[],"yoast_head":"<!-- This site is optimized with the Yoast SEO plugin v27.2 - https:\/\/yoast.com\/product\/yoast-seo-wordpress\/ -->\n<title>Datenschutzrichtlinie - Camping le Soleil Tattone Corse<\/title>\n<meta name=\"description\" content=\"Datenschutzrichtlinie von Camping Le Soleil f\u00fcr weitere Informationen \u00fcber den Umgang mit Ihren pers\u00f6nlichen Daten und Ihre Sicherheit im Internet.\" \/>\n<meta name=\"robots\" content=\"index, follow, max-snippet:-1, max-image-preview:large, max-video-preview:-1\" \/>\n<link rel=\"canonical\" href=\"https:\/\/camping-lesoleil.fr\/de\/datenschutzrichtlinie\/\" \/>\n<meta property=\"og:locale\" content=\"de_DE\" \/>\n<meta property=\"og:type\" content=\"article\" \/>\n<meta property=\"og:title\" content=\"Datenschutzrichtlinie - Camping le Soleil Tattone Corse\" \/>\n<meta property=\"og:description\" content=\"Datenschutzrichtlinie von Camping Le Soleil f\u00fcr weitere Informationen \u00fcber den Umgang mit Ihren pers\u00f6nlichen Daten und Ihre Sicherheit im Internet.\" \/>\n<meta property=\"og:url\" content=\"https:\/\/camping-lesoleil.fr\/de\/datenschutzrichtlinie\/\" \/>\n<meta property=\"og:site_name\" content=\"Camping le Soleil Tattone Corse\" \/>\n<meta property=\"article:modified_time\" content=\"2024-09-19T08:19:08+00:00\" \/>\n<meta name=\"twitter:card\" content=\"summary_large_image\" \/>\n<meta name=\"twitter:label1\" content=\"Gesch\u00e4tzte Lesezeit\" \/>\n\t<meta name=\"twitter:data1\" content=\"8\u00a0Minuten\" \/>\n<script type=\"application\/ld+json\" class=\"yoast-schema-graph\">{\"@context\":\"https:\/\/schema.org\",\"@graph\":[{\"@type\":\"WebPage\",\"@id\":\"https:\/\/camping-lesoleil.fr\/de\/datenschutzrichtlinie\/\",\"url\":\"https:\/\/camping-lesoleil.fr\/de\/datenschutzrichtlinie\/\",\"name\":\"Datenschutzrichtlinie - Camping le Soleil Tattone Corse\",\"isPartOf\":{\"@id\":\"https:\/\/camping-lesoleil.fr\/#website\"},\"datePublished\":\"2024-02-12T21:26:02+00:00\",\"dateModified\":\"2024-09-19T08:19:08+00:00\",\"description\":\"Datenschutzrichtlinie von Camping Le Soleil f\u00fcr weitere Informationen \u00fcber den Umgang mit Ihren pers\u00f6nlichen Daten und Ihre Sicherheit im Internet.\",\"breadcrumb\":{\"@id\":\"https:\/\/camping-lesoleil.fr\/de\/datenschutzrichtlinie\/#breadcrumb\"},\"inLanguage\":\"de\",\"potentialAction\":[{\"@type\":\"ReadAction\",\"target\":[\"https:\/\/camping-lesoleil.fr\/de\/datenschutzrichtlinie\/\"]}]},{\"@type\":\"BreadcrumbList\",\"@id\":\"https:\/\/camping-lesoleil.fr\/de\/datenschutzrichtlinie\/#breadcrumb\",\"itemListElement\":[{\"@type\":\"ListItem\",\"position\":1,\"name\":\"Accueil\",\"item\":\"https:\/\/camping-lesoleil.fr\/de\/startseite\/\"},{\"@type\":\"ListItem\",\"position\":2,\"name\":\"Datenschutzrichtlinie\"}]},{\"@type\":\"WebSite\",\"@id\":\"https:\/\/camping-lesoleil.fr\/#website\",\"url\":\"https:\/\/camping-lesoleil.fr\/\",\"name\":\"Camping le Soleil Tattone Corse\",\"description\":\"Camping le Soleil Tattone Corse\",\"potentialAction\":[{\"@type\":\"SearchAction\",\"target\":{\"@type\":\"EntryPoint\",\"urlTemplate\":\"https:\/\/camping-lesoleil.fr\/?s={search_term_string}\"},\"query-input\":{\"@type\":\"PropertyValueSpecification\",\"valueRequired\":true,\"valueName\":\"search_term_string\"}}],\"inLanguage\":\"de\"}]}<\/script>\n<!-- \/ Yoast SEO plugin. -->","yoast_head_json":{"title":"Datenschutzrichtlinie - Camping le Soleil Tattone Corse","description":"Datenschutzrichtlinie von Camping Le Soleil f\u00fcr weitere Informationen \u00fcber den Umgang mit Ihren pers\u00f6nlichen Daten und Ihre Sicherheit im Internet.","robots":{"index":"index","follow":"follow","max-snippet":"max-snippet:-1","max-image-preview":"max-image-preview:large","max-video-preview":"max-video-preview:-1"},"canonical":"https:\/\/camping-lesoleil.fr\/de\/datenschutzrichtlinie\/","og_locale":"de_DE","og_type":"article","og_title":"Datenschutzrichtlinie - Camping le Soleil Tattone Corse","og_description":"Datenschutzrichtlinie von Camping Le Soleil f\u00fcr weitere Informationen \u00fcber den Umgang mit Ihren pers\u00f6nlichen Daten und Ihre Sicherheit im Internet.","og_url":"https:\/\/camping-lesoleil.fr\/de\/datenschutzrichtlinie\/","og_site_name":"Camping le Soleil Tattone Corse","article_modified_time":"2024-09-19T08:19:08+00:00","twitter_card":"summary_large_image","twitter_misc":{"Gesch\u00e4tzte Lesezeit":"8\u00a0Minuten"},"schema":{"@context":"https:\/\/schema.org","@graph":[{"@type":"WebPage","@id":"https:\/\/camping-lesoleil.fr\/de\/datenschutzrichtlinie\/","url":"https:\/\/camping-lesoleil.fr\/de\/datenschutzrichtlinie\/","name":"Datenschutzrichtlinie - Camping le Soleil Tattone Corse","isPartOf":{"@id":"https:\/\/camping-lesoleil.fr\/#website"},"datePublished":"2024-02-12T21:26:02+00:00","dateModified":"2024-09-19T08:19:08+00:00","description":"Datenschutzrichtlinie von Camping Le Soleil f\u00fcr weitere Informationen \u00fcber den Umgang mit Ihren pers\u00f6nlichen Daten und Ihre Sicherheit im Internet.","breadcrumb":{"@id":"https:\/\/camping-lesoleil.fr\/de\/datenschutzrichtlinie\/#breadcrumb"},"inLanguage":"de","potentialAction":[{"@type":"ReadAction","target":["https:\/\/camping-lesoleil.fr\/de\/datenschutzrichtlinie\/"]}]},{"@type":"BreadcrumbList","@id":"https:\/\/camping-lesoleil.fr\/de\/datenschutzrichtlinie\/#breadcrumb","itemListElement":[{"@type":"ListItem","position":1,"name":"Accueil","item":"https:\/\/camping-lesoleil.fr\/de\/startseite\/"},{"@type":"ListItem","position":2,"name":"Datenschutzrichtlinie"}]},{"@type":"WebSite","@id":"https:\/\/camping-lesoleil.fr\/#website","url":"https:\/\/camping-lesoleil.fr\/","name":"Camping le Soleil Tattone Corse","description":"Camping le Soleil Tattone Corse","potentialAction":[{"@type":"SearchAction","target":{"@type":"EntryPoint","urlTemplate":"https:\/\/camping-lesoleil.fr\/?s={search_term_string}"},"query-input":{"@type":"PropertyValueSpecification","valueRequired":true,"valueName":"search_term_string"}}],"inLanguage":"de"}]}},"_links":{"self":[{"href":"https:\/\/camping-lesoleil.fr\/de\/wp-json\/wp\/v2\/pages\/2365","targetHints":{"allow":["GET"]}}],"collection":[{"href":"https:\/\/camping-lesoleil.fr\/de\/wp-json\/wp\/v2\/pages"}],"about":[{"href":"https:\/\/camping-lesoleil.fr\/de\/wp-json\/wp\/v2\/types\/page"}],"author":[{"embeddable":true,"href":"https:\/\/camping-lesoleil.fr\/de\/wp-json\/wp\/v2\/users\/1"}],"replies":[{"embeddable":true,"href":"https:\/\/camping-lesoleil.fr\/de\/wp-json\/wp\/v2\/comments?post=2365"}],"version-history":[{"count":4,"href":"https:\/\/camping-lesoleil.fr\/de\/wp-json\/wp\/v2\/pages\/2365\/revisions"}],"predecessor-version":[{"id":2910,"href":"https:\/\/camping-lesoleil.fr\/de\/wp-json\/wp\/v2\/pages\/2365\/revisions\/2910"}],"wp:attachment":[{"href":"https:\/\/camping-lesoleil.fr\/de\/wp-json\/wp\/v2\/media?parent=2365"}],"curies":[{"name":"wp","href":"https:\/\/api.w.org\/{rel}","templated":true}]}}